{"id":186,"date":"2024-07-18T12:10:32","date_gmt":"2024-07-18T10:10:32","guid":{"rendered":"https:\/\/catonthemoon.studio\/?page_id=186"},"modified":"2026-01-16T20:51:09","modified_gmt":"2026-01-16T19:51:09","slug":"svicky","status":"publish","type":"page","link":"https:\/\/catonthemoon.studio\/en\/svicky\/","title":{"rendered":"SV\u00cd\u010cKY"},"content":{"rendered":"<div class=\"wp-block-columns is-layout-flex wp-container-core-columns-is-layout-28f84493 wp-block-columns-is-layout-flex\">\n<div class=\"wp-block-column is-layout-flow wp-block-column-is-layout-flow\" style=\"flex-basis:66.66%\">\n<h2 class=\"wp-block-heading has-text-align-left\">WORKSHOP: Soy candle<\/h2>\n\n\n\n<p>Creative soy candle workshop full of colors and scents!\nMake your own candle from natural soy wax and choose from over 15 glass colors and 30+ fragrance oils to create your perfect scent. At the end, you\u2019ll decorate and personalize your candle just the way you like.\n\nWith our simple guidance and tools, your creative process will be easy, fun, and relaxing.<\/p>\n\n\n\n<h4 class=\"wp-block-heading\"><strong>What you\u2019ll get:<\/strong><\/h4>\n\n\n\n<ul class=\"wp-block-list\">\n<li>300 ml glass candle jar with a lid <\/li>\n\n\n\n<li>350g of soy-wax<\/li>\n\n\n\n<li>natural fragrance oils<\/li>\n\n\n\n<li>wood wick<\/li>\n\n\n\n<li>decorations - dried flowers, spices, pebbles<\/li>\n\n\n\n<li>candle sticker for customisation<\/li>\n<\/ul>\n\n\n\n<p><strong><strong>Price:<\/strong>&nbsp;<\/strong>550 CZK (if you\u2019d like to make more candles, each additional one is 350 CZK)<br><strong><strong>Duration of the workshop:<\/strong>&nbsp;<\/strong>Around 1,5h<br><br><strong>*Recycle Your Jar and Save 100 K\u010d!<br><\/strong>Bring back your clean jar from our candle on your next visit, and we'll give you a 100 K\u010d discount on your new soy-candle.<\/p>\n\n\n\n<p><mark style=\"background-color:rgba(0, 0, 0, 0)\" class=\"has-inline-color has-ast-global-color-0-color\"><strong><a href=\"https:\/\/cat-on-the-moon.reenio.com\/en\/service\/soy-candle-34024\" data-type=\"link\" data-id=\"https:\/\/cat-on-the-moon.reenio.com\/\" target=\"_blank\" rel=\"noreferrer noopener\">Reservation<\/a><\/strong><\/mark><br><a href=\"https:\/\/catonthemoon.studio\/en\/product\/poukaz-na-workshop-sojove-svicky\/\" data-type=\"link\" data-id=\"https:\/\/catonthemoon.studio\/product\/poukaz-na-workshop-sojove-svicky\/\" target=\"_blank\" rel=\"noreferrer noopener\"><strong>Voucher<\/strong><\/a><\/p>\n<\/div>\n\n\n\n<div class=\"wp-block-column is-layout-flow wp-block-column-is-layout-flow\"><\/div>\n\n\n\n<div class=\"wp-block-column is-layout-flow wp-block-column-is-layout-flow\" style=\"flex-basis:33.33%\">\n<div class=\"wp-block-uagb-image uagb-block-58ff1b85 wp-block-uagb-image--layout-default wp-block-uagb-image--effect-static wp-block-uagb-image--align-none\"><figure class=\"wp-block-uagb-image__figure\"><img data-recalc-dims=\"1\" decoding=\"async\" srcset=\"https:\/\/catonthemoon.studio\/wp-content\/uploads\/2025\/06\/cropped_square_image_2.jpeg ,https:\/\/catonthemoon.studio\/wp-content\/uploads\/2025\/06\/cropped_square_image_2.jpeg 780w, https:\/\/catonthemoon.studio\/wp-content\/uploads\/2025\/06\/cropped_square_image_2.jpeg 360w\" sizes=\"auto, (max-width: 480px) 150px\" src=\"https:\/\/i0.wp.com\/catonthemoon.studio\/wp-content\/uploads\/2025\/06\/cropped_square_image_2.jpeg?resize=1024%2C1024&#038;ssl=1\" alt=\"\" class=\"uag-image-1721\" width=\"1024\" height=\"1024\" title=\"cropped_square_image_2\" loading=\"lazy\" role=\"img\"\/><\/figure><\/div>\n\n\n\n<div class=\"wp-block-uagb-image uagb-block-a0527e27 wp-block-uagb-image--layout-default wp-block-uagb-image--effect-static wp-block-uagb-image--align-none\"><figure class=\"wp-block-uagb-image__figure\"><img data-recalc-dims=\"1\" decoding=\"async\" srcset=\"https:\/\/catonthemoon.studio\/wp-content\/uploads\/2025\/06\/final_square_candle_visible.jpeg ,https:\/\/catonthemoon.studio\/wp-content\/uploads\/2025\/06\/final_square_candle_visible.jpeg 780w, https:\/\/catonthemoon.studio\/wp-content\/uploads\/2025\/06\/final_square_candle_visible.jpeg 360w\" sizes=\"auto, (max-width: 480px) 150px\" src=\"https:\/\/i0.wp.com\/catonthemoon.studio\/wp-content\/uploads\/2025\/06\/final_square_candle_visible.jpeg?resize=1024%2C1024&#038;ssl=1\" alt=\"\" class=\"uag-image-1730\" width=\"1024\" height=\"1024\" title=\"final_square_candle_visible\" loading=\"lazy\" role=\"img\"\/><\/figure><\/div>\n<\/div>\n<\/div>\n\n\n\n<div class=\"wp-block-columns is-layout-flex wp-container-core-columns-is-layout-28f84493 wp-block-columns-is-layout-flex\">\n<div class=\"wp-block-column is-layout-flow wp-block-column-is-layout-flow\" style=\"flex-basis:33.33%\">\n<div class=\"wp-block-uagb-image uagb-block-14060ddc wp-block-uagb-image--layout-default wp-block-uagb-image--effect-static wp-block-uagb-image--align-none\"><figure class=\"wp-block-uagb-image__figure\"><img data-recalc-dims=\"1\" decoding=\"async\" srcset=\"https:\/\/catonthemoon.studio\/wp-content\/uploads\/2025\/06\/cropped_square_image.jpeg ,https:\/\/catonthemoon.studio\/wp-content\/uploads\/2025\/06\/cropped_square_image.jpeg 780w, https:\/\/catonthemoon.studio\/wp-content\/uploads\/2025\/06\/cropped_square_image.jpeg 360w\" sizes=\"auto, (max-width: 480px) 150px\" src=\"https:\/\/i0.wp.com\/catonthemoon.studio\/wp-content\/uploads\/2025\/06\/cropped_square_image.jpeg?resize=1024%2C1024&#038;ssl=1\" alt=\"\" class=\"uag-image-1719\" width=\"1024\" height=\"1024\" title=\"cropped_square_image\" loading=\"lazy\" role=\"img\"\/><\/figure><\/div>\n\n\n\n<div class=\"wp-block-uagb-image uagb-block-976a26fd wp-block-uagb-image--layout-default wp-block-uagb-image--effect-static wp-block-uagb-image--align-none\"><figure class=\"wp-block-uagb-image__figure\"><img data-recalc-dims=\"1\" decoding=\"async\" srcset=\"https:\/\/catonthemoon.studio\/wp-content\/uploads\/2025\/10\/7235F337-4418-4CB3-8A72-358EFC40AE4F-851x1024.jpg ,https:\/\/catonthemoon.studio\/wp-content\/uploads\/2025\/10\/7235F337-4418-4CB3-8A72-358EFC40AE4F.jpg 780w, https:\/\/catonthemoon.studio\/wp-content\/uploads\/2025\/10\/7235F337-4418-4CB3-8A72-358EFC40AE4F.jpg 360w\" sizes=\"auto, (max-width: 480px) 150px\" src=\"https:\/\/i0.wp.com\/catonthemoon.studio\/wp-content\/uploads\/2025\/10\/7235F337-4418-4CB3-8A72-358EFC40AE4F.jpg?resize=851%2C1024&#038;ssl=1\" alt=\"S\u00f3jov\u00e1 sv\u00ed\u010dka s voskovou dekorac\u00ed ve tvaru kv\u011btiny \u2013 ru\u010dn\u011b vyroben\u00e1 na workshopu\" class=\"uag-image-2718\" width=\"851\" height=\"1024\" title=\"S\u00f3jov\u00e1 sv\u00ed\u010dka s kv\u011btinovou voskovou ozdobou\" loading=\"lazy\" role=\"img\"\/><\/figure><\/div>\n<\/div>\n\n\n\n<div class=\"wp-block-column is-layout-flow wp-block-column-is-layout-flow\" style=\"flex-basis:66.66%\">\n<h2 class=\"wp-block-heading has-text-align-left\"><strong><br><strong>Workshop: Candle with Wax Decoration<\/strong><\/strong><\/h2>\n\n\n\n<p>You\u2019ll create your own natural soy candle, finished with an original wax decoration.\nChoose from shapes like a flower, pumpkin, snowflake, poinsettia, or a small cactus.\nYou\u2019ll explore scent blending with over 30 natural fragrance oils, select the color of your glass, and decorate your candle in your own way.\nEvery detail reflects your personal style \u2014 from the wax decoration to the final scent.<\/p>\n\n\n\n<h4 class=\"wp-block-heading\"><strong><strong>What you\u2019ll get:<\/strong><\/strong><\/h4>\n\n\n\n<ul class=\"wp-block-list\">\n<li>300 ml glass candle jar with a lid <\/li>\n\n\n\n<li>350g of soy-wax<\/li>\n\n\n\n<li>natural fragrance oils<\/li>\n\n\n\n<li>colored wax for creating decorations<\/li>\n\n\n\n<li>wooden\/cotton wick<\/li>\n\n\n\n<li>decorations - dried flowers, spices, pebbles<\/li>\n\n\n\n<li>candle sticker for customisation<\/li>\n<\/ul>\n\n\n\n<p><strong><strong>Price:<\/strong>&nbsp;<\/strong>650 K\u010d<br><br><mark style=\"background-color:rgba(0, 0, 0, 0)\" class=\"has-inline-color has-ast-global-color-0-color\"><a href=\"https:\/\/cat-on-the-moon.reenio.com\/\" data-type=\"link\" data-id=\"https:\/\/cat-on-the-moon.reenio.com\/\" target=\"_blank\" rel=\"noreferrer noopener\"><strong>Reservation<\/strong><\/a><\/mark><br><a href=\"https:\/\/catonthemoon.studio\/en\/product\/poukaz-na-workshop-sojove-svicky\/\" data-type=\"link\" data-id=\"https:\/\/catonthemoon.studio\/product\/poukaz-na-workshop-sojove-svicky\/\" target=\"_blank\" rel=\"noreferrer noopener\"><strong>Voucher<\/strong><\/a><br><\/p>\n<\/div>\n<\/div>\n\n\n\n<hr class=\"wp-block-separator has-alpha-channel-opacity\"\/>\n\n\n\n<div class=\"wp-block-columns is-layout-flex wp-container-core-columns-is-layout-28f84493 wp-block-columns-is-layout-flex\">\n<div class=\"wp-block-column is-layout-flow wp-block-column-is-layout-flow\" style=\"flex-basis:66.66%\">\n<h2 class=\"wp-block-heading has-text-align-left\">WORKSHOP: Coconut candle<\/h2>\n\n\n\n<p class=\"has-text-align-left\">Enjoy a creative candle-making workshop in Prague and create your own coconut candle made from natural wax.\nYou\u2019ll work with a hand-polished real coconut shell, which you can continue to use even after the candle has burned out \u2014 for example as a breakfast bowl or a decorative piece.<\/p>\n\n\n\n<p class=\"has-text-align-left\">Sou\u010d\u00e1st\u00ed workshopu je tak\u00e9&nbsp;extra vosk a barvy, d\u00edky kter\u00fdm si m\u016f\u017ee\u0161 odl\u00edt&nbsp;vlastn\u00ed voskov\u00e9 dekorace&nbsp;do formi\u010dek r\u016fzn\u00fdch tvar\u016f a ozdobit tak svou sv\u00ed\u010dku podle sebe.<\/p>\n\n\n\n<h4 class=\"wp-block-heading\">What you\u2019ll get:<\/h4>\n\n\n\n<ul class=\"wp-block-list\">\n<li>a polished coconut shell bowl <\/li>\n\n\n\n<li>350 p\u0159\u00edrodn\u00edho s\u00f3jov\u00e9ho vosku<\/li>\n\n\n\n<li>soy wax and coloring pigments for decorations<\/li>\n\n\n\n<li>natural fragrance oils<\/li>\n\n\n\n<li>2x wooden wick<\/li>\n\n\n\n<li>candle decorations - dried flowers, spices<\/li>\n<\/ul>\n\n\n\n<p><strong><strong>Price:<\/strong>&nbsp;<\/strong>750 czk <br><strong><strong>Duration of the workshop:<\/strong>&nbsp;<\/strong>2h<br><br><mark style=\"background-color:rgba(0, 0, 0, 0)\" class=\"has-inline-color has-ast-global-color-0-color\"><a href=\"https:\/\/cat-on-the-moon.reenio.com\/\" data-type=\"link\" data-id=\"https:\/\/cat-on-the-moon.reenio.com\/\" target=\"_blank\" rel=\"noreferrer noopener\"><strong>Reservation<\/strong><\/a><\/mark><br><mark style=\"background-color:rgba(0, 0, 0, 0)\" class=\"has-inline-color has-ast-global-color-0-color\"><a href=\"https:\/\/catonthemoon.studio\/en\/product\/poukaz-na-workshop-kokosove-svicky\/\" data-type=\"link\" data-id=\"https:\/\/catonthemoon.studio\/product\/poukaz-na-workshop-kokosove-svicky\/\" target=\"_blank\" rel=\"noreferrer noopener\"><strong>Voucher<\/strong><\/a><\/mark><\/p>\n\n\n\n<p><\/p>\n<\/div>\n\n\n\n<div class=\"wp-block-column is-layout-flow wp-block-column-is-layout-flow\" style=\"flex-basis:33.33%\">\n<figure class=\"wp-block-image size-large is-style-default\"><img data-recalc-dims=\"1\" loading=\"lazy\" decoding=\"async\" width=\"768\" height=\"1024\" data-attachment-id=\"290\" data-permalink=\"https:\/\/catonthemoon.studio\/en\/svicky\/img_5624\/\" data-orig-file=\"https:\/\/i0.wp.com\/catonthemoon.studio\/wp-content\/uploads\/2024\/07\/IMG_5624.jpg?fit=3024%2C4032&amp;ssl=1\" data-orig-size=\"3024,4032\" data-comments-opened=\"1\" data-image-meta=\"{&quot;aperture&quot;:&quot;1.6&quot;,&quot;credit&quot;:&quot;&quot;,&quot;camera&quot;:&quot;iPhone 13 mini&quot;,&quot;caption&quot;:&quot;&quot;,&quot;created_timestamp&quot;:&quot;1717678912&quot;,&quot;copyright&quot;:&quot;&quot;,&quot;focal_length&quot;:&quot;5.1&quot;,&quot;iso&quot;:&quot;500&quot;,&quot;shutter_speed&quot;:&quot;0.02&quot;,&quot;title&quot;:&quot;&quot;,&quot;orientation&quot;:&quot;1&quot;}\" data-image-title=\"IMG_5624\" data-image-description=\"\" data-image-caption=\"\" data-medium-file=\"https:\/\/i0.wp.com\/catonthemoon.studio\/wp-content\/uploads\/2024\/07\/IMG_5624.jpg?fit=225%2C300&amp;ssl=1\" data-large-file=\"https:\/\/i0.wp.com\/catonthemoon.studio\/wp-content\/uploads\/2024\/07\/IMG_5624.jpg?fit=768%2C1024&amp;ssl=1\" src=\"https:\/\/i0.wp.com\/catonthemoon.studio\/wp-content\/uploads\/2024\/07\/IMG_5624.jpg?resize=768%2C1024&#038;ssl=1\" alt=\"Detail naho\u0159e pohled na kokosovou sv\u00ed\u010dku s p\u0159\u00edrodn\u00edmi dekoracemi a d\u0159ev\u011bn\u00fdmi knoty v vybrou\u0161en\u00e9 kokosov\u00e9 misce.\" class=\"wp-image-290\" style=\"aspect-ratio:1;object-fit:cover\" srcset=\"https:\/\/i0.wp.com\/catonthemoon.studio\/wp-content\/uploads\/2024\/07\/IMG_5624.jpg?resize=768%2C1024&amp;ssl=1 768w, https:\/\/i0.wp.com\/catonthemoon.studio\/wp-content\/uploads\/2024\/07\/IMG_5624.jpg?resize=225%2C300&amp;ssl=1 225w, https:\/\/i0.wp.com\/catonthemoon.studio\/wp-content\/uploads\/2024\/07\/IMG_5624.jpg?resize=1152%2C1536&amp;ssl=1 1152w, https:\/\/i0.wp.com\/catonthemoon.studio\/wp-content\/uploads\/2024\/07\/IMG_5624.jpg?resize=1536%2C2048&amp;ssl=1 1536w, https:\/\/i0.wp.com\/catonthemoon.studio\/wp-content\/uploads\/2024\/07\/IMG_5624.jpg?resize=9%2C12&amp;ssl=1 9w, https:\/\/i0.wp.com\/catonthemoon.studio\/wp-content\/uploads\/2024\/07\/IMG_5624.jpg?resize=900%2C1200&amp;ssl=1 900w, https:\/\/i0.wp.com\/catonthemoon.studio\/wp-content\/uploads\/2024\/07\/IMG_5624.jpg?resize=600%2C800&amp;ssl=1 600w, https:\/\/i0.wp.com\/catonthemoon.studio\/wp-content\/uploads\/2024\/07\/IMG_5624.jpg?resize=450%2C600&amp;ssl=1 450w, https:\/\/i0.wp.com\/catonthemoon.studio\/wp-content\/uploads\/2024\/07\/IMG_5624.jpg?resize=300%2C400&amp;ssl=1 300w, https:\/\/i0.wp.com\/catonthemoon.studio\/wp-content\/uploads\/2024\/07\/IMG_5624.jpg?resize=150%2C200&amp;ssl=1 150w, https:\/\/i0.wp.com\/catonthemoon.studio\/wp-content\/uploads\/2024\/07\/IMG_5624.jpg?resize=1200%2C1600&amp;ssl=1 1200w, https:\/\/i0.wp.com\/catonthemoon.studio\/wp-content\/uploads\/2024\/07\/IMG_5624.jpg?w=2000&amp;ssl=1 2000w, https:\/\/i0.wp.com\/catonthemoon.studio\/wp-content\/uploads\/2024\/07\/IMG_5624.jpg?w=3000&amp;ssl=1 3000w\" sizes=\"auto, (max-width: 768px) 100vw, 768px\" \/><\/figure>\n\n\n\n<div class=\"wp-block-uagb-image uagb-block-2c1a45de wp-block-uagb-image--layout-default wp-block-uagb-image--effect-static wp-block-uagb-image--align-none\"><figure class=\"wp-block-uagb-image__figure\"><img data-recalc-dims=\"1\" decoding=\"async\" srcset=\"https:\/\/catonthemoon.studio\/wp-content\/uploads\/2025\/10\/IMG_3116-768x1024.jpeg ,https:\/\/catonthemoon.studio\/wp-content\/uploads\/2025\/10\/IMG_3116.jpeg 780w, https:\/\/catonthemoon.studio\/wp-content\/uploads\/2025\/10\/IMG_3116.jpeg 360w\" sizes=\"auto, (max-width: 480px) 150px\" src=\"https:\/\/i0.wp.com\/catonthemoon.studio\/wp-content\/uploads\/2025\/10\/IMG_3116.jpeg?resize=3024%2C4032&#038;ssl=1\" alt=\"\" class=\"uag-image-2707\" width=\"3024\" height=\"4032\" title=\"IMG_3116\" loading=\"lazy\" role=\"img\"\/><\/figure><\/div>\n<\/div>\n<\/div>\n\n\n\n<div class=\"wp-block-columns is-layout-flex wp-container-core-columns-is-layout-28f84493 wp-block-columns-is-layout-flex\">\n<div class=\"wp-block-column is-layout-flow wp-block-column-is-layout-flow\" style=\"flex-basis:33.33%\">\n<div class=\"wp-block-uagb-image uagb-block-efd39109 wp-block-uagb-image--layout-default wp-block-uagb-image--effect-static wp-block-uagb-image--align-none\"><figure class=\"wp-block-uagb-image__figure\"><img data-recalc-dims=\"1\" decoding=\"async\" srcset=\"https:\/\/catonthemoon.studio\/wp-content\/uploads\/2025\/10\/jhje.png ,https:\/\/catonthemoon.studio\/wp-content\/uploads\/2025\/10\/jhje.png 780w, https:\/\/catonthemoon.studio\/wp-content\/uploads\/2025\/10\/jhje.png 360w\" sizes=\"auto, (max-width: 480px) 150px\" src=\"https:\/\/i0.wp.com\/catonthemoon.studio\/wp-content\/uploads\/2025\/10\/jhje.png?resize=1024%2C1024&#038;ssl=1\" alt=\"Ru\u010dn\u011b vyroben\u00e1 s\u00f3jov\u00e1 sv\u00ed\u010dka se sukulenty v misce z Jesmonitu, vytvo\u0159en\u00e1 b\u011bhem kreativn\u00edho workshopu v Cat on the Moon studiu.\" class=\"uag-image-3078\" width=\"1024\" height=\"1024\" title=\"S\u00f3jov\u00e1 sv\u00ed\u010dka s kaktusy v Jesmonite misce \u2013 workshop Cat on the Moon\" loading=\"lazy\" role=\"img\"\/><\/figure><\/div>\n\n\n\n<div class=\"wp-block-uagb-image uagb-block-a5cf286d wp-block-uagb-image--layout-default wp-block-uagb-image--effect-static wp-block-uagb-image--align-none\"><figure class=\"wp-block-uagb-image__figure\"><img data-recalc-dims=\"1\" decoding=\"async\" srcset=\"https:\/\/catonthemoon.studio\/wp-content\/uploads\/2026\/01\/IMG_5149-1024x768.jpeg ,https:\/\/catonthemoon.studio\/wp-content\/uploads\/2026\/01\/IMG_5149.jpeg 780w, https:\/\/catonthemoon.studio\/wp-content\/uploads\/2026\/01\/IMG_5149.jpeg 360w\" sizes=\"auto, (max-width: 480px) 150px\" src=\"https:\/\/i0.wp.com\/catonthemoon.studio\/wp-content\/uploads\/2026\/01\/IMG_5149.jpeg?resize=1024%2C768&#038;ssl=1\" alt=\"Jesmonite miska se s\u00f3jovou sv\u00ed\u010dkou a voskov\u00fdmi dekoracemi \u2013 kreativn\u00ed workshop v Praze\" class=\"uag-image-3616\" width=\"1024\" height=\"768\" title=\"Workshop Jesmonite miska se sv\u00ed\u010dkou\" loading=\"lazy\" role=\"img\"\/><\/figure><\/div>\n<\/div>\n\n\n\n<div class=\"wp-block-column is-layout-flow wp-block-column-is-layout-flow\" style=\"flex-basis:66.66%\">\n<h2 class=\"wp-block-heading has-text-align-left\"><strong><br><strong>Workshop: Candle with a Jesmonite Bowl<\/strong><\/strong><\/h2>\n\n\n\n<p>At the workshop, you\u2019ll create your own original candle in a Jesmonite bowl. First, you\u2019ll choose a color and mix the material to make a bowl in your own style. Then, you\u2019ll fill it with 220 g of soy wax and add three wicks for an even burn.<\/p>\n\n\n\n<p>You\u2019ll blend your own fragrance from natural essential oils just the way you like it. Finally, you\u2019ll decorate your candle with colored wax and shapes made from molds \u2014 such as cacti or roses.<\/p>\n\n\n\n<h4 class=\"wp-block-heading\"><strong><strong>What you\u2019ll get:<\/strong><\/strong><\/h4>\n\n\n\n<ul class=\"wp-block-list\">\n<li>Jesmonite mixture for your bowl and color pigments<\/li>\n\n\n\n<li>220 grams of natural soy-wax<\/li>\n\n\n\n<li>natural fragrance oils<\/li>\n\n\n\n<li>colored wax for creating decorations<\/li>\n\n\n\n<li>3x wick (wooden or cotton)<\/li>\n\n\n\n<li>decorations - dried flowers, spices, pebbles<\/li>\n\n\n\n<li><\/li>\n<\/ul>\n\n\n\n<p><strong><strong>Price:<\/strong>&nbsp;<\/strong>950 CZK<br><br><mark style=\"background-color:rgba(0, 0, 0, 0)\" class=\"has-inline-color has-ast-global-color-0-color\"><a href=\"https:\/\/cat-on-the-moon.reenio.com\/cs\/service\/svicka-v-jesmonite-misce-52684\" data-type=\"link\" data-id=\"https:\/\/cat-on-the-moon.reenio.com\/\" target=\"_blank\" rel=\"noreferrer noopener\"><strong>Reservation<\/strong><\/a><\/mark><br><a href=\"https:\/\/catonthemoon.studio\/en\/product\/poukaz-na-workshop-sojove-svicky\/\" data-type=\"link\" data-id=\"https:\/\/catonthemoon.studio\/product\/poukaz-na-workshop-sojove-svicky\/\" target=\"_blank\" rel=\"noreferrer noopener\"><strong>Voucher<\/strong><\/a><br><\/p>\n<\/div>\n<\/div>\n\n\n\n<div class=\"wp-block-columns is-layout-flex wp-container-core-columns-is-layout-28f84493 wp-block-columns-is-layout-flex\">\n<div class=\"wp-block-column is-layout-flow wp-block-column-is-layout-flow\" style=\"flex-basis:33.33%\"><\/div>\n\n\n\n<div class=\"wp-block-column is-layout-flow wp-block-column-is-layout-flow\" style=\"flex-basis:66.66%\">\n<h2 class=\"wp-block-heading has-text-align-left\">WORKSHOP: Massage candle<\/h2>\n\n\n\n<p>Vytvo\u0159 si vlastn\u00ed mas\u00e1\u017en\u00ed sv\u00ed\u010dku! O hmotnosti 160 g, vyrobenou ze s\u00f3jov\u00e9ho vosku a sm\u011bsi p\u0159\u00edrodn\u00edch olej\u016f a m\u00e1sel podle tv\u00e9ho v\u00fdb\u011bru. <br>Available as an add-on during other workshops\u2014write a note while making a reservation.<\/p>\n\n\n\n<p><strong><strong>Price:<\/strong><\/strong> CZK 350<br><strong>Couples offer<\/strong>: CZK 1,400 \u2013 includes 2 soy candles and 1 massage candle<\/p>\n<\/div>\n<\/div>\n\n\n\n<p><\/p>","protected":false},"excerpt":{"rendered":"<p>WORKSHOP: S\u00f3jov\u00e1 sv\u00ed\u010dka Kreativn\u00ed workshop s\u00f3jov\u00e9 sv\u00ed\u010dky, pln\u00fd barev a v\u016fn\u00ed! Vyrob\u00ed\u0161 si vlastn\u00ed sv\u00ed\u010dku z p\u0159\u00edrodn\u00edho s\u00f3jov\u00e9ho vosku. Vybere\u0161 [&hellip;]<\/p>\n","protected":false},"author":253158946,"featured_media":0,"parent":0,"menu_order":0,"comment_status":"closed","ping_status":"closed","template":"","meta":{"_uag_custom_page_level_css":"","site-sidebar-layout":"default","site-content-layout":"","ast-site-content-layout":"","site-content-style":"default","site-sidebar-style":"default","ast-global-header-display":"","ast-banner-title-visibility":"","ast-main-header-display":"","ast-hfb-above-header-display":"","ast-hfb-below-header-display":"","ast-hfb-mobile-header-display":"","site-post-title":"disabled","ast-breadcrumbs-content":"","ast-featured-img":"","footer-sml-layout":"","theme-transparent-header-meta":"","adv-header-id-meta":"","stick-header-meta":"","header-above-stick-meta":"","header-main-stick-meta":"","header-below-stick-meta":"","astra-migrate-meta-layouts":"default","ast-page-background-enabled":"default","ast-page-background-meta":{"desktop":{"background-color":"var(--ast-global-color-4)","background-image":"","background-repeat":"repeat","background-position":"center center","background-size":"auto","background-attachment":"scroll","background-type":"","background-media":"","overlay-type":"","overlay-color":"","overlay-opacity":"","overlay-gradient":""},"tablet":{"background-color":"","background-image":"","background-repeat":"repeat","background-position":"center center","background-size":"auto","background-attachment":"scroll","background-type":"","background-media":"","overlay-type":"","overlay-color":"","overlay-opacity":"","overlay-gradient":""},"mobile":{"background-color":"","background-image":"","background-repeat":"repeat","background-position":"center center","background-size":"auto","background-attachment":"scroll","background-type":"","background-media":"","overlay-type":"","overlay-color":"","overlay-opacity":"","overlay-gradient":""}},"ast-content-background-meta":{"desktop":{"background-color":"var(--ast-global-color-5)","background-image":"","background-repeat":"repeat","background-position":"center center","background-size":"auto","background-attachment":"scroll","background-type":"","background-media":"","overlay-type":"","overlay-color":"","overlay-opacity":"","overlay-gradient":""},"tablet":{"background-color":"var(--ast-global-color-5)","background-image":"","background-repeat":"repeat","background-position":"center center","background-size":"auto","background-attachment":"scroll","background-type":"","background-media":"","overlay-type":"","overlay-color":"","overlay-opacity":"","overlay-gradient":""},"mobile":{"background-color":"var(--ast-global-color-5)","background-image":"","background-repeat":"repeat","background-position":"center center","background-size":"auto","background-attachment":"scroll","background-type":"","background-media":"","overlay-type":"","overlay-color":"","overlay-opacity":"","overlay-gradient":""}},"advanced_seo_description":"Za\u017eij kreativn\u00ed chv\u00edle na workshopu v\u00fdroby sv\u00ed\u010dek v Praze a vytvo\u0159 si vlastn\u00ed p\u0159\u00edrodn\u00ed s\u00f3jovou sv\u00ed\u010dku plnou v\u016fn\u00ed a barev. Rezervuj si m\u00edsto je\u0161t\u011b dnes!","jetpack_seo_html_title":"Kreativn\u00ed workshop v Praze \u2013 Vyrob si vlastn\u00ed s\u00f3jovou sv\u00ed\u010dku","jetpack_seo_noindex":false,"_themeisle_gutenberg_block_has_review":false,"jetpack_post_was_ever_published":false,"footnotes":""},"class_list":["post-186","page","type-page","status-publish","hentry"],"uagb_featured_image_src":{"full":false,"thumbnail":false,"medium":false,"medium_large":false,"large":false,"1536x1536":false,"2048x2048":false,"trp-custom-language-flag":false,"newspack-article-block-landscape-large":false,"newspack-article-block-portrait-large":false,"newspack-article-block-square-large":false,"newspack-article-block-landscape-medium":false,"newspack-article-block-portrait-medium":false,"newspack-article-block-square-medium":false,"newspack-article-block-landscape-intermediate":false,"newspack-article-block-portrait-intermediate":false,"newspack-article-block-square-intermediate":false,"newspack-article-block-landscape-small":false,"newspack-article-block-portrait-small":false,"newspack-article-block-square-small":false,"newspack-article-block-landscape-tiny":false,"newspack-article-block-portrait-tiny":false,"newspack-article-block-square-tiny":false,"newspack-article-block-uncropped":false,"woocommerce_thumbnail":false,"woocommerce_single":false,"woocommerce_gallery_thumbnail":false},"uagb_author_info":{"display_name":"Lenka Mauermannova","author_link":"https:\/\/catonthemoon.studio\/en\/author\/infoa1d76c94be6\/"},"uagb_comment_info":0,"uagb_excerpt":"WORKSHOP: S\u00f3jov\u00e1 sv\u00ed\u010dka Kreativn\u00ed workshop s\u00f3jov\u00e9 sv\u00ed\u010dky, pln\u00fd barev a v\u016fn\u00ed! Vyrob\u00ed\u0161 si vlastn\u00ed sv\u00ed\u010dku z p\u0159\u00edrodn\u00edho s\u00f3jov\u00e9ho vosku. Vybere\u0161 [&hellip;]","jetpack_likes_enabled":true,"jetpack_sharing_enabled":true,"jetpack_shortlink":"https:\/\/wp.me\/PfUcaF-30","jetpack-related-posts":[],"_links":{"self":[{"href":"https:\/\/catonthemoon.studio\/en\/wp-json\/wp\/v2\/pages\/186","targetHints":{"allow":["GET"]}}],"collection":[{"href":"https:\/\/catonthemoon.studio\/en\/wp-json\/wp\/v2\/pages"}],"about":[{"href":"https:\/\/catonthemoon.studio\/en\/wp-json\/wp\/v2\/types\/page"}],"author":[{"embeddable":true,"href":"https:\/\/catonthemoon.studio\/en\/wp-json\/wp\/v2\/users\/253158946"}],"replies":[{"embeddable":true,"href":"https:\/\/catonthemoon.studio\/en\/wp-json\/wp\/v2\/comments?post=186"}],"version-history":[{"count":94,"href":"https:\/\/catonthemoon.studio\/en\/wp-json\/wp\/v2\/pages\/186\/revisions"}],"predecessor-version":[{"id":3618,"href":"https:\/\/catonthemoon.studio\/en\/wp-json\/wp\/v2\/pages\/186\/revisions\/3618"}],"wp:attachment":[{"href":"https:\/\/catonthemoon.studio\/en\/wp-json\/wp\/v2\/media?parent=186"}],"curies":[{"name":"wp","href":"https:\/\/api.w.org\/{rel}","templated":true}]}}