{"id":2981,"date":"2025-10-27T16:42:33","date_gmt":"2025-10-27T15:42:33","guid":{"rendered":"https:\/\/catonthemoon.studio\/?page_id=2981"},"modified":"2025-11-28T13:08:32","modified_gmt":"2025-11-28T12:08:32","slug":"svicky-vceli-vosk","status":"publish","type":"page","link":"https:\/\/catonthemoon.studio\/en\/svicky-vceli-vosk\/","title":{"rendered":"SV\u00cd\u010cKY &#8211; v\u010del\u00ed vosk"},"content":{"rendered":"<div class=\"wp-block-columns is-layout-flex wp-container-core-columns-is-layout-28f84493 wp-block-columns-is-layout-flex\">\n<div class=\"wp-block-column is-layout-flow wp-block-column-is-layout-flow\" style=\"flex-basis:66.66%\">\n<h2 class=\"wp-block-heading has-text-align-left\">WORKSHOP: sv\u00ed\u010dky z v\u010del\u00edho vosku<\/h2>\n\n\n\n<p>Vyrob\u00ed\u0161 si minim\u00e1ln\u011b\u00a0<strong>t\u0159i sv\u00ed\u010dky z \u010dist\u00e9ho v\u010del\u00edho vosku<\/strong>\u00a0\u2013 dv\u011b barevn\u00e9 (nebo p\u0159\u00edrodn\u00ed) rolovan\u00e9, kter\u00e9 si ozdob\u00ed\u0161 podle vlastn\u00ed fantazie, a jednu litou do formy ve tvaru \u0161i\u0161ky, strome\u010dku, v\u00e1no\u010dn\u00ed ozdoby a dal\u0161\u00edch. V\u0161echny materi\u00e1ly jsou 100% p\u0159\u00edrodn\u00ed a poch\u00e1z\u00ed od \u010desk\u00fdch v\u010dela\u0159\u016f. S na\u0161\u00edm jednoduch\u00fdm n\u00e1vodem a p\u0159ipraven\u00fdmi n\u00e1stroji bude\u0161 tvo\u0159it snadno, kreativn\u011b a v klidu. A\u0165 u\u017e hled\u00e1\u0161 d\u00e1rek, kr\u00e1snou dekoraci nebo jen p\u0159\u00edjemnou chv\u00edli pro sebe, tenhle vo\u0148av\u00fd workshop t\u011b ur\u010dit\u011b pot\u011b\u0161\u00ed<\/p>\n\n\n\n<h4 class=\"wp-block-heading\"><strong>What you\u2019ll get:<\/strong><\/h4>\n\n\n\n<ul class=\"wp-block-list\">\n<li><strong>Materi\u00e1l na litou sv\u00ed\u010dku<\/strong> do formy\u00a0\u2013 \u010dist\u00fd v\u010del\u00ed vosk a knot<\/li>\n\n\n\n<li><strong>Dv\u011b barevn\u00e9 mezist\u011bny<\/strong>&nbsp;na 2 a\u017e 4 rolovan\u00e9 sv\u00ed\u010dky, a knoty<\/li>\n\n\n\n<li><strong>Dekorace<\/strong>\u00a0\u2013 material a vykrajov\u00e1tka a formi\u010dky na barevn\u00e9 ozdoby z vosku, <br>su\u0161en\u00e9 kv\u011bty, ko\u0159en\u00ed<\/li>\n<\/ul>\n\n\n\n<h4 class=\"wp-block-heading\"><strong>Co si vyrob\u00ed\u0161:<\/strong><\/h4>\n\n\n\n<ul class=\"wp-block-list\">\n<li><strong>1 litou sv\u00ed\u010dku<\/strong>&nbsp;ve tvaru \u0161i\u0161ky, strome\u010dku, v\u00e1no\u010dn\u00ed koule a dal\u0161\u00ed<\/li>\n\n\n\n<li><strong>2 &#8211; 4 (z\u00e1le\u017e\u00ed na vybran\u00e9 velikosti) rolovan\u00e9 sv\u00ed\u010dky<\/strong>&nbsp;z barevn\u00fdch mezist\u011bn s vlastn\u00edm zdoben\u00edm ze v\u010del\u00edho vosku<\/li>\n<\/ul>\n\n\n\n<p><strong><strong>Price:<\/strong>&nbsp;<\/strong>890 K\u010d <br><strong><strong>Duration of the workshop:<\/strong>&nbsp;<\/strong>Around 1,5h<\/p>\n\n\n\n<p><mark style=\"background-color:rgba(0, 0, 0, 0)\" class=\"has-inline-color has-ast-global-color-0-color\"><strong><a href=\"https:\/\/cat-on-the-moon.reenio.com\" data-type=\"link\" data-id=\"https:\/\/cat-on-the-moon.reenio.com\/\" target=\"_blank\" rel=\"noreferrer noopener\">Reservation<\/a><\/strong><\/mark><br><strong><a href=\"https:\/\/catonthemoon.studio\/en\/product\/\" data-type=\"link\" data-id=\"https:\/\/catonthemoon.studio\/product\/poukaz-na-workshop-sojove-svicky\/\" target=\"_blank\" rel=\"noreferrer noopener\">Voucher<\/a><\/strong><\/p>\n<\/div>\n\n\n\n<div class=\"wp-block-column is-layout-flow wp-block-column-is-layout-flow\"><\/div>\n\n\n\n<div class=\"wp-block-column is-layout-flow wp-block-column-is-layout-flow\" style=\"flex-basis:33.33%\"><\/div>\n<\/div>\n\n\n\n<hr class=\"wp-block-separator has-alpha-channel-opacity\"\/>\n\n\n\n<p><\/p>","protected":false},"excerpt":{"rendered":"<p>WORKSHOP: sv\u00ed\u010dky z v\u010del\u00edho vosku Vyrob\u00ed\u0161 si minim\u00e1ln\u011b\u00a0t\u0159i sv\u00ed\u010dky z \u010dist\u00e9ho v\u010del\u00edho vosku\u00a0\u2013 dv\u011b barevn\u00e9 (nebo p\u0159\u00edrodn\u00ed) rolovan\u00e9, kter\u00e9 si [&hellip;]<\/p>\n","protected":false},"author":253158946,"featured_media":0,"parent":0,"menu_order":0,"comment_status":"closed","ping_status":"closed","template":"","meta":{"_uag_custom_page_level_css":"","site-sidebar-layout":"default","site-content-layout":"","ast-site-content-layout":"default","site-content-style":"default","site-sidebar-style":"default","ast-global-header-display":"","ast-banner-title-visibility":"","ast-main-header-display":"","ast-hfb-above-header-display":"","ast-hfb-below-header-display":"","ast-hfb-mobile-header-display":"","site-post-title":"","ast-breadcrumbs-content":"","ast-featured-img":"","footer-sml-layout":"","theme-transparent-header-meta":"","adv-header-id-meta":"","stick-header-meta":"","header-above-stick-meta":"","header-main-stick-meta":"","header-below-stick-meta":"","astra-migrate-meta-layouts":"default","ast-page-background-enabled":"default","ast-page-background-meta":{"desktop":{"background-color":"var(--ast-global-color-4)","background-image":"","background-repeat":"repeat","background-position":"center center","background-size":"auto","background-attachment":"scroll","background-type":"","background-media":"","overlay-type":"","overlay-color":"","overlay-opacity":"","overlay-gradient":""},"tablet":{"background-color":"","background-image":"","background-repeat":"repeat","background-position":"center center","background-size":"auto","background-attachment":"scroll","background-type":"","background-media":"","overlay-type":"","overlay-color":"","overlay-opacity":"","overlay-gradient":""},"mobile":{"background-color":"","background-image":"","background-repeat":"repeat","background-position":"center center","background-size":"auto","background-attachment":"scroll","background-type":"","background-media":"","overlay-type":"","overlay-color":"","overlay-opacity":"","overlay-gradient":""}},"ast-content-background-meta":{"desktop":{"background-color":"var(--ast-global-color-5)","background-image":"","background-repeat":"repeat","background-position":"center center","background-size":"auto","background-attachment":"scroll","background-type":"","background-media":"","overlay-type":"","overlay-color":"","overlay-opacity":"","overlay-gradient":""},"tablet":{"background-color":"var(--ast-global-color-5)","background-image":"","background-repeat":"repeat","background-position":"center center","background-size":"auto","background-attachment":"scroll","background-type":"","background-media":"","overlay-type":"","overlay-color":"","overlay-opacity":"","overlay-gradient":""},"mobile":{"background-color":"var(--ast-global-color-5)","background-image":"","background-repeat":"repeat","background-position":"center center","background-size":"auto","background-attachment":"scroll","background-type":"","background-media":"","overlay-type":"","overlay-color":"","overlay-opacity":"","overlay-gradient":""}},"advanced_seo_description":"","jetpack_seo_html_title":"","jetpack_seo_noindex":false,"_themeisle_gutenberg_block_has_review":false,"footnotes":""},"class_list":["post-2981","page","type-page","status-publish","hentry"],"uagb_featured_image_src":{"full":false,"thumbnail":false,"medium":false,"medium_large":false,"large":false,"1536x1536":false,"2048x2048":false,"trp-custom-language-flag":false,"newspack-article-block-landscape-large":false,"newspack-article-block-portrait-large":false,"newspack-article-block-square-large":false,"newspack-article-block-landscape-medium":false,"newspack-article-block-portrait-medium":false,"newspack-article-block-square-medium":false,"newspack-article-block-landscape-intermediate":false,"newspack-article-block-portrait-intermediate":false,"newspack-article-block-square-intermediate":false,"newspack-article-block-landscape-small":false,"newspack-article-block-portrait-small":false,"newspack-article-block-square-small":false,"newspack-article-block-landscape-tiny":false,"newspack-article-block-portrait-tiny":false,"newspack-article-block-square-tiny":false,"newspack-article-block-uncropped":false,"woocommerce_thumbnail":false,"woocommerce_single":false,"woocommerce_gallery_thumbnail":false},"uagb_author_info":{"display_name":"Lenka Mauermannova","author_link":"https:\/\/catonthemoon.studio\/en\/author\/infoa1d76c94be6\/"},"uagb_comment_info":0,"uagb_excerpt":"WORKSHOP: sv\u00ed\u010dky z v\u010del\u00edho vosku Vyrob\u00ed\u0161 si minim\u00e1ln\u011b\u00a0t\u0159i sv\u00ed\u010dky z \u010dist\u00e9ho v\u010del\u00edho vosku\u00a0\u2013 dv\u011b barevn\u00e9 (nebo p\u0159\u00edrodn\u00ed) rolovan\u00e9, kter\u00e9 si [&hellip;]","jetpack_likes_enabled":true,"jetpack_sharing_enabled":true,"jetpack_shortlink":"https:\/\/wp.me\/PfUcaF-M5","jetpack-related-posts":[],"_links":{"self":[{"href":"https:\/\/catonthemoon.studio\/en\/wp-json\/wp\/v2\/pages\/2981","targetHints":{"allow":["GET"]}}],"collection":[{"href":"https:\/\/catonthemoon.studio\/en\/wp-json\/wp\/v2\/pages"}],"about":[{"href":"https:\/\/catonthemoon.studio\/en\/wp-json\/wp\/v2\/types\/page"}],"author":[{"embeddable":true,"href":"https:\/\/catonthemoon.studio\/en\/wp-json\/wp\/v2\/users\/253158946"}],"replies":[{"embeddable":true,"href":"https:\/\/catonthemoon.studio\/en\/wp-json\/wp\/v2\/comments?post=2981"}],"version-history":[{"count":7,"href":"https:\/\/catonthemoon.studio\/en\/wp-json\/wp\/v2\/pages\/2981\/revisions"}],"predecessor-version":[{"id":3397,"href":"https:\/\/catonthemoon.studio\/en\/wp-json\/wp\/v2\/pages\/2981\/revisions\/3397"}],"wp:attachment":[{"href":"https:\/\/catonthemoon.studio\/en\/wp-json\/wp\/v2\/media?parent=2981"}],"curies":[{"name":"wp","href":"https:\/\/api.w.org\/{rel}","templated":true}]}}