{"id":426,"date":"2024-07-24T18:48:00","date_gmt":"2024-07-24T16:48:00","guid":{"rendered":"https:\/\/catonthemoon.studio\/?page_id=426"},"modified":"2025-11-26T16:35:45","modified_gmt":"2025-11-26T15:35:45","slug":"bath-bombs","status":"publish","type":"page","link":"https:\/\/catonthemoon.studio\/en\/bath-bombs\/","title":{"rendered":"kosmetika"},"content":{"rendered":"<div class=\"wp-block-columns is-layout-flex wp-container-core-columns-is-layout-28f84493 wp-block-columns-is-layout-flex\">\n<div class=\"wp-block-column is-layout-flow wp-block-column-is-layout-flow\" style=\"flex-basis:66.66%\">\n<h2 class=\"wp-block-heading has-text-align-left\">WORKSHOP: BOMBY DO KOUPELE<\/h2>\n\n\n\n<p class=\"translation-block\">Create your own fizzing bath bombs based on your imagination. You can choose the scent, color, and shape, so each bomb will be unique! There will be molds in various shapes and sizes available, and during the workshop, you'll make approximately 6\u20139 pieces.<\/p>\n\n\n\n<p>You can freely decorate and color your bath bombs. You'll receive instructions, inspiration, and examples to help you create unique fizzing bombs \u2013 perfect for relaxation or as a fragrant gift for loved ones!<\/p>\n\n\n\n<h4 class=\"wp-block-heading\">What you\u2019ll get:<\/h4>\n\n\n\n<ul class=\"wp-block-list\">\n<li>450g of bath bomb dry mix<\/li>\n\n\n\n<li class=\"translation-block\">natural oils<\/li>\n\n\n\n<li>bath oils<\/li>\n\n\n\n<li><strong>natural mica colours<\/strong><\/li>\n\n\n\n<li class=\"translation-block\">Decorations \u2013 dried flowers for decoration, bath salts.<\/li>\n<\/ul>\n\n\n\n<p><strong><strong>Price:<\/strong>&nbsp;<\/strong>750 czk <br><strong><strong>Duration of the workshop:<\/strong>&nbsp;<\/strong>around 2h<\/p>\n\n\n\n<p><a href=\"https:\/\/cat-on-the-moon.reenio.com\/\" target=\"_blank\" rel=\"noreferrer noopener\"><strong>Reservation<\/strong><\/a><br><a href=\"https:\/\/catonthemoon.studio\/en\/product\/poukaz-na-workshop-sojove-svicky\/\" target=\"_blank\" rel=\"noreferrer noopener\"><strong>Voucher<\/strong><\/a><\/p>\n<\/div>\n\n\n\n<div class=\"wp-block-column is-layout-flow wp-block-column-is-layout-flow\" style=\"flex-basis:33.33%\">\n<figure class=\"wp-block-image size-large is-style-default\"><img data-recalc-dims=\"1\" loading=\"lazy\" decoding=\"async\" width=\"1024\" height=\"849\" data-attachment-id=\"334\" data-permalink=\"https:\/\/catonthemoon.studio\/en\/?attachment_id=334\" data-orig-file=\"https:\/\/i0.wp.com\/catonthemoon.studio\/wp-content\/uploads\/2024\/07\/HX9A7696-1-rotated.jpg?fit=3600%2C2985&amp;ssl=1\" data-orig-size=\"3600,2985\" data-comments-opened=\"1\" data-image-meta=\"{&quot;aperture&quot;:&quot;5.6&quot;,&quot;credit&quot;:&quot;&quot;,&quot;camera&quot;:&quot;Canon EOS 5D Mark IV&quot;,&quot;caption&quot;:&quot;&quot;,&quot;created_timestamp&quot;:&quot;1709462859&quot;,&quot;copyright&quot;:&quot;&quot;,&quot;focal_length&quot;:&quot;35&quot;,&quot;iso&quot;:&quot;1600&quot;,&quot;shutter_speed&quot;:&quot;0.01&quot;,&quot;title&quot;:&quot;&quot;,&quot;orientation&quot;:&quot;1&quot;}\" data-image-title=\"HX9A7696\" data-image-description=\"\" data-image-caption=\"\" data-large-file=\"https:\/\/i0.wp.com\/catonthemoon.studio\/wp-content\/uploads\/2024\/07\/HX9A7696-1-rotated.jpg?fit=1024%2C849&amp;ssl=1\" src=\"https:\/\/i0.wp.com\/catonthemoon.studio\/wp-content\/uploads\/2024\/07\/HX9A7696-1.jpg?resize=1024%2C849&#038;ssl=1\" alt=\"\" class=\"wp-image-334\" srcset=\"https:\/\/i0.wp.com\/catonthemoon.studio\/wp-content\/uploads\/2024\/07\/HX9A7696-1-rotated.jpg?resize=1024%2C849&amp;ssl=1 1024w, https:\/\/i0.wp.com\/catonthemoon.studio\/wp-content\/uploads\/2024\/07\/HX9A7696-1-rotated.jpg?resize=300%2C249&amp;ssl=1 300w, https:\/\/i0.wp.com\/catonthemoon.studio\/wp-content\/uploads\/2024\/07\/HX9A7696-1-rotated.jpg?resize=768%2C637&amp;ssl=1 768w, https:\/\/i0.wp.com\/catonthemoon.studio\/wp-content\/uploads\/2024\/07\/HX9A7696-1-rotated.jpg?resize=1536%2C1274&amp;ssl=1 1536w, https:\/\/i0.wp.com\/catonthemoon.studio\/wp-content\/uploads\/2024\/07\/HX9A7696-1-rotated.jpg?resize=2048%2C1698&amp;ssl=1 2048w, https:\/\/i0.wp.com\/catonthemoon.studio\/wp-content\/uploads\/2024\/07\/HX9A7696-1-rotated.jpg?resize=14%2C12&amp;ssl=1 14w, https:\/\/i0.wp.com\/catonthemoon.studio\/wp-content\/uploads\/2024\/07\/HX9A7696-1-rotated.jpg?resize=1200%2C995&amp;ssl=1 1200w, https:\/\/i0.wp.com\/catonthemoon.studio\/wp-content\/uploads\/2024\/07\/HX9A7696-1-rotated.jpg?resize=600%2C498&amp;ssl=1 600w, https:\/\/i0.wp.com\/catonthemoon.studio\/wp-content\/uploads\/2024\/07\/HX9A7696-1-rotated.jpg?w=3000&amp;ssl=1 3000w\" sizes=\"auto, (max-width: 1000px) 100vw, 1000px\" \/><\/figure>\n<\/div>\n<\/div>\n\n\n\n<p><\/p>\n\n\n\n<hr class=\"wp-block-separator has-alpha-channel-opacity\"\/>\n\n\n\n<div class=\"wp-block-columns is-layout-flex wp-container-core-columns-is-layout-28f84493 wp-block-columns-is-layout-flex\">\n<div class=\"wp-block-column is-layout-flow wp-block-column-is-layout-flow\" style=\"flex-basis:33.33%\">\n<div class=\"wp-block-columns is-layout-flex wp-container-core-columns-is-layout-28f84493 wp-block-columns-is-layout-flex\">\n<div class=\"wp-block-column is-layout-flow wp-block-column-is-layout-flow\" style=\"flex-basis:100%\"><\/div>\n<\/div>\n\n\n\n<div class=\"wp-block-uagb-image uagb-block-36ee56a9 wp-block-uagb-image--layout-default wp-block-uagb-image--effect-static wp-block-uagb-image--align-none\"><figure class=\"wp-block-uagb-image__figure\"><img data-recalc-dims=\"1\" decoding=\"async\" srcset=\"https:\/\/catonthemoon.studio\/wp-content\/uploads\/2025\/09\/www.brauliolaraph.com-50-3-1-683x1024.jpg ,https:\/\/catonthemoon.studio\/wp-content\/uploads\/2025\/09\/www.brauliolaraph.com-50-3-1.jpg 780w, https:\/\/catonthemoon.studio\/wp-content\/uploads\/2025\/09\/www.brauliolaraph.com-50-3-1.jpg 360w\" sizes=\"auto, (max-width: 480px) 150px\" src=\"https:\/\/i0.wp.com\/catonthemoon.studio\/wp-content\/uploads\/2025\/09\/www.brauliolaraph.com-50-3-1.jpg?resize=683%2C1024&#038;ssl=1\" alt=\"Kreativn\u00ed d\u00edlna Praha \u2013 ru\u010dn\u00ed v\u00fdroba m\u00fddla s dekoracemi\" class=\"uag-image-2285\" width=\"683\" height=\"1024\" title=\"Workshop v\u00fdroby m\u00fddla Praha\" loading=\"lazy\" role=\"img\"\/><\/figure><\/div>\n<\/div>\n\n\n\n<div class=\"wp-block-column is-layout-flow wp-block-column-is-layout-flow\" style=\"flex-basis:66.66%\">\n<h2 class=\"wp-block-heading has-text-align-right\">WORKSHOP: MELT AND POUR SOAPS<\/h2>\n\n\n\n<p class=\"translation-block\">A workshop full of scents and creativity! You'll make four unique soaps that are not only beautiful but also gentle on the skin. We\u2019ll use soap base with natural ingredients, and you can customize the scents, colors, and shapes according to your imagination!<\/p>\n\n\n\n<h3 class=\"wp-block-heading\">What you\u2019ll get:<\/h3>\n\n\n\n<ul class=\"wp-block-list\">\n<li><strong>Melt-and-pour soap base for 4 soaps <\/strong>- with the addition of shea butter, goat milk, or honey, or the clear variant (all variants are free of SLS and parabens)\"<\/li>\n\n\n\n<li>Mica colors<\/li>\n\n\n\n<li class=\"translation-block\">Natural fragrance oils certified for use in cosmetics.<\/li>\n\n\n\n<li class=\"translation-block\">Decorations \u2013 dried flowers, loofah for exfoliating effect, and stamps (letters and shapes).<\/li>\n<\/ul>\n\n\n\n<p><strong><strong>Price:<\/strong>\u00a0<\/strong>750 czk <br>(900 czk) pokud chcete vyrobi<br>t 6ks)<br><strong><strong>Duration of the workshop:<\/strong>\u00a0<\/strong>around 2h<br><a href=\"https:\/\/cat-on-the-moon.reenio.com\/\" target=\"_blank\" rel=\"noreferrer noopener\"><strong>Reservation<\/strong><\/a><br><a href=\"https:\/\/catonthemoon.studio\/en\/product\/poukaz-na-workshop-odlevanych-mydel\/\" target=\"_blank\" rel=\"noreferrer noopener\"><strong>Voucher<\/strong><\/a><\/p>\n<\/div>\n<\/div>\n\n\n\n<div class=\"wp-block-columns is-layout-flex wp-container-core-columns-is-layout-28f84493 wp-block-columns-is-layout-flex\">\n<div class=\"wp-block-column is-layout-flow wp-block-column-is-layout-flow\" style=\"flex-basis:66.66%\">\n<h2 class=\"wp-block-heading has-text-align-left\">WORKSHOP: NATURAL LIP CARE<\/h2>\n\n\n\n<p class=\"translation-block\">Come and create your own natural <strong>lip balm<\/strong> and <strong>sugar scrub<\/strong> exactly to your liking! You will choose your favorite combinations of butters, oils, and all-natural flavors. Learn the basics of homemade cosmetics and take home <strong>two lip balms and a gentle scrub<\/strong>, which will not only smell wonderful but also take care of your lips.<\/p>\n\n\n\n<p class=\"translation-block\">You will have the choice of flavors like strawberry, raspberry, honey, cocoa, or white chocolate. <br>No artificial fragrances or unnecessary chemicals \u2013 just pure natural ingredients!<\/p>\n\n\n\n<h4 class=\"wp-block-heading\">What you\u2019ll get:<\/h4>\n\n\n\n<ul class=\"wp-block-list\">\n<li class=\"translation-block\">Ingredients for <strong>2 lip balms<\/strong> (approximately 15 ml each)<\/li>\n\n\n\n<li class=\"translation-block\"><strong>30 g sugar scrub<\/strong> for lips<\/li>\n\n\n\n<li class=\"translation-block\">Selection of natural butters: <strong>cocoa, mango, shea<\/strong><\/li>\n\n\n\n<li class=\"translation-block\">Selection of natural oils: <strong>castor, almond, jojoba<\/strong><\/li>\n\n\n\n<li class=\"translation-block\">Natural flavors: <strong>strawberry, raspberry, honey, white chocolate, cocoa<\/strong><\/li>\n<\/ul>\n\n\n\n<p><strong><strong>Price:<\/strong>&nbsp;<\/strong>750 czk <br><strong><strong>Duration of the workshop:<\/strong>&nbsp;<\/strong>around 2h<\/p>\n\n\n\n<p><a href=\"https:\/\/cat-on-the-moon.reenio.com\/\" target=\"_blank\" rel=\"noreferrer noopener\"><strong>Reservation<\/strong><\/a><br><a href=\"https:\/\/catonthemoon.studio\/en\/product\/poukaz-na-workshop-sojove-svicky\/\" target=\"_blank\" rel=\"noreferrer noopener\"><strong>Voucher<\/strong><\/a><\/p>\n<\/div>\n\n\n\n<div class=\"wp-block-column is-layout-flow wp-block-column-is-layout-flow\" style=\"flex-basis:33.33%\">\n<div class=\"wp-block-uagb-image uagb-block-c093ed90 wp-block-uagb-image--layout-default wp-block-uagb-image--effect-static wp-block-uagb-image--align-none\"><figure class=\"wp-block-uagb-image__figure\"><img data-recalc-dims=\"1\" decoding=\"async\" srcset=\"https:\/\/catonthemoon.studio\/wp-content\/uploads\/2024\/12\/Screenshot-at-Sep-18-01-04-58.png ,https:\/\/catonthemoon.studio\/wp-content\/uploads\/2024\/12\/Screenshot-at-Sep-18-01-04-58.png 780w, https:\/\/catonthemoon.studio\/wp-content\/uploads\/2024\/12\/Screenshot-at-Sep-18-01-04-58.png 360w\" sizes=\"auto, (max-width: 480px) 150px\" src=\"https:\/\/i0.wp.com\/catonthemoon.studio\/wp-content\/uploads\/2024\/12\/Screenshot-at-Sep-18-01-04-58.png?resize=856%2C942&#038;ssl=1\" alt=\"Workshop balz\u00e1m na rty\" class=\"uag-image-2612\" width=\"856\" height=\"942\" title=\"Workshop balz\u00e1m na rty\" loading=\"lazy\" role=\"img\"\/><\/figure><\/div>\n<\/div>\n<\/div>\n\n\n\n<div class=\"wp-block-columns is-layout-flex wp-container-core-columns-is-layout-28f84493 wp-block-columns-is-layout-flex\">\n<div class=\"wp-block-column is-layout-flow wp-block-column-is-layout-flow\" style=\"flex-basis:66.66%\">\n<p><\/p>\n<\/div>\n\n\n\n<div class=\"wp-block-column is-layout-flow wp-block-column-is-layout-flow\" style=\"flex-basis:33.33%\"><\/div>\n<\/div>\n\n\n\n<p><\/p>","protected":false},"excerpt":{"rendered":"<p>WORKSHOP: BOMBY DO KOUPELE Vyrob si vlastn\u00ed \u0161umiv\u00e9 bomby do koupele podle sv\u00e9 fantazie. Zvol\u00ed\u0161 si v\u016fni, barvu a tvar, [&hellip;]<\/p>\n","protected":false},"author":253158946,"featured_media":0,"parent":0,"menu_order":0,"comment_status":"closed","ping_status":"closed","template":"","meta":{"_uag_custom_page_level_css":"","site-sidebar-layout":"default","site-content-layout":"","ast-site-content-layout":"default","site-content-style":"default","site-sidebar-style":"default","ast-global-header-display":"","ast-banner-title-visibility":"","ast-main-header-display":"","ast-hfb-above-header-display":"","ast-hfb-below-header-display":"","ast-hfb-mobile-header-display":"","site-post-title":"disabled","ast-breadcrumbs-content":"","ast-featured-img":"","footer-sml-layout":"","theme-transparent-header-meta":"","adv-header-id-meta":"","stick-header-meta":"","header-above-stick-meta":"","header-main-stick-meta":"","header-below-stick-meta":"","astra-migrate-meta-layouts":"default","ast-page-background-enabled":"default","ast-page-background-meta":{"desktop":{"background-color":"var(--ast-global-color-4)","background-image":"","background-repeat":"repeat","background-position":"center center","background-size":"auto","background-attachment":"scroll","background-type":"","background-media":"","overlay-type":"","overlay-color":"","overlay-opacity":"","overlay-gradient":""},"tablet":{"background-color":"","background-image":"","background-repeat":"repeat","background-position":"center center","background-size":"auto","background-attachment":"scroll","background-type":"","background-media":"","overlay-type":"","overlay-color":"","overlay-opacity":"","overlay-gradient":""},"mobile":{"background-color":"","background-image":"","background-repeat":"repeat","background-position":"center center","background-size":"auto","background-attachment":"scroll","background-type":"","background-media":"","overlay-type":"","overlay-color":"","overlay-opacity":"","overlay-gradient":""}},"ast-content-background-meta":{"desktop":{"background-color":"var(--ast-global-color-5)","background-image":"","background-repeat":"repeat","background-position":"center center","background-size":"auto","background-attachment":"scroll","background-type":"","background-media":"","overlay-type":"","overlay-color":"","overlay-opacity":"","overlay-gradient":""},"tablet":{"background-color":"var(--ast-global-color-5)","background-image":"","background-repeat":"repeat","background-position":"center center","background-size":"auto","background-attachment":"scroll","background-type":"","background-media":"","overlay-type":"","overlay-color":"","overlay-opacity":"","overlay-gradient":""},"mobile":{"background-color":"var(--ast-global-color-5)","background-image":"","background-repeat":"repeat","background-position":"center center","background-size":"auto","background-attachment":"scroll","background-type":"","background-media":"","overlay-type":"","overlay-color":"","overlay-opacity":"","overlay-gradient":""}},"advanced_seo_description":"Vytvo\u0159 si svoje vlastn\u00ed koupelov\u00e9 bomby ve Studiu Cat on the Moon","jetpack_seo_html_title":"Workshop bomby do koupele","jetpack_seo_noindex":false,"_themeisle_gutenberg_block_has_review":false,"footnotes":""},"class_list":["post-426","page","type-page","status-publish","hentry"],"uagb_featured_image_src":{"full":false,"thumbnail":false,"medium":false,"medium_large":false,"large":false,"1536x1536":false,"2048x2048":false,"trp-custom-language-flag":false,"newspack-article-block-landscape-large":false,"newspack-article-block-portrait-large":false,"newspack-article-block-square-large":false,"newspack-article-block-landscape-medium":false,"newspack-article-block-portrait-medium":false,"newspack-article-block-square-medium":false,"newspack-article-block-landscape-intermediate":false,"newspack-article-block-portrait-intermediate":false,"newspack-article-block-square-intermediate":false,"newspack-article-block-landscape-small":false,"newspack-article-block-portrait-small":false,"newspack-article-block-square-small":false,"newspack-article-block-landscape-tiny":false,"newspack-article-block-portrait-tiny":false,"newspack-article-block-square-tiny":false,"newspack-article-block-uncropped":false,"woocommerce_thumbnail":false,"woocommerce_single":false,"woocommerce_gallery_thumbnail":false},"uagb_author_info":{"display_name":"Lenka Mauermannova","author_link":"https:\/\/catonthemoon.studio\/en\/author\/infoa1d76c94be6\/"},"uagb_comment_info":0,"uagb_excerpt":"WORKSHOP: BOMBY DO KOUPELE Vyrob si vlastn\u00ed \u0161umiv\u00e9 bomby do koupele podle sv\u00e9 fantazie. Zvol\u00ed\u0161 si v\u016fni, barvu a tvar, [&hellip;]","jetpack_likes_enabled":true,"jetpack_sharing_enabled":true,"jetpack_shortlink":"https:\/\/wp.me\/PfUcaF-6S","jetpack-related-posts":[],"_links":{"self":[{"href":"https:\/\/catonthemoon.studio\/en\/wp-json\/wp\/v2\/pages\/426","targetHints":{"allow":["GET"]}}],"collection":[{"href":"https:\/\/catonthemoon.studio\/en\/wp-json\/wp\/v2\/pages"}],"about":[{"href":"https:\/\/catonthemoon.studio\/en\/wp-json\/wp\/v2\/types\/page"}],"author":[{"embeddable":true,"href":"https:\/\/catonthemoon.studio\/en\/wp-json\/wp\/v2\/users\/253158946"}],"replies":[{"embeddable":true,"href":"https:\/\/catonthemoon.studio\/en\/wp-json\/wp\/v2\/comments?post=426"}],"version-history":[{"count":26,"href":"https:\/\/catonthemoon.studio\/en\/wp-json\/wp\/v2\/pages\/426\/revisions"}],"predecessor-version":[{"id":3389,"href":"https:\/\/catonthemoon.studio\/en\/wp-json\/wp\/v2\/pages\/426\/revisions\/3389"}],"wp:attachment":[{"href":"https:\/\/catonthemoon.studio\/en\/wp-json\/wp\/v2\/media?parent=426"}],"curies":[{"name":"wp","href":"https:\/\/api.w.org\/{rel}","templated":true}]}}