{"id":1159,"date":"2024-12-18T13:55:51","date_gmt":"2024-12-18T12:55:51","guid":{"rendered":"https:\/\/catonthemoon.studio\/?post_type=product&#038;p=1159"},"modified":"2025-09-20T00:10:25","modified_gmt":"2025-09-19T22:10:25","slug":"poukaz-na-workshop-pece-o-rty","status":"publish","type":"product","link":"https:\/\/catonthemoon.studio\/en\/product\/poukaz-na-workshop-pece-o-rty\/","title":{"rendered":"Poukaz na workshop p\u00e9\u010de o rty"},"content":{"rendered":"<p class=\"p4\"><b>The voucher is valid for 12 months from the date of purchase.<\/b><\/p>\n<p class=\"p4\">To redeem it, simply enter the voucher code in the note when booking your spot.<\/p>","protected":false},"excerpt":{"rendered":"<p><span style=\"font-size: 16px;\">Try making your own natural cosmetics! In this workshop, you\u2019ll create 2 lip balms in practical tubes and a gentle sugar lip scrub. You\u2019ll be working with high-quality natural ingredients \u2013 butters, oils, and natural flavors \u2013 and take home not only your handmade products but also recipes for more DIY creations at home.<\/span><\/p>\n<p>&nbsp;<\/p>","protected":false},"featured_media":2612,"template":"","meta":{"_uag_custom_page_level_css":"","site-sidebar-layout":"left-sidebar","site-content-layout":"","ast-site-content-layout":"normal-width-container","site-content-style":"boxed","site-sidebar-style":"boxed","ast-global-header-display":"","ast-banner-title-visibility":"","ast-main-header-display":"","ast-hfb-above-header-display":"","ast-hfb-below-header-display":"","ast-hfb-mobile-header-display":"","site-post-title":"","ast-breadcrumbs-content":"","ast-featured-img":"","footer-sml-layout":"","theme-transparent-header-meta":"default","adv-header-id-meta":"","stick-header-meta":"","header-above-stick-meta":"","header-main-stick-meta":"","header-below-stick-meta":"","astra-migrate-meta-layouts":"set","ast-page-background-enabled":"default","ast-page-background-meta":{"desktop":{"background-color":"var(--ast-global-color-4)","background-image":"","background-repeat":"repeat","background-position":"center center","background-size":"auto","background-attachment":"scroll","background-type":"","background-media":"","overlay-type":"","overlay-color":"","overlay-opacity":"","overlay-gradient":""},"tablet":{"background-color":"","background-image":"","background-repeat":"repeat","background-position":"center center","background-size":"auto","background-attachment":"scroll","background-type":"","background-media":"","overlay-type":"","overlay-color":"","overlay-opacity":"","overlay-gradient":""},"mobile":{"background-color":"","background-image":"","background-repeat":"repeat","background-position":"center center","background-size":"auto","background-attachment":"scroll","background-type":"","background-media":"","overlay-type":"","overlay-color":"","overlay-opacity":"","overlay-gradient":""}},"ast-content-background-meta":{"desktop":{"background-color":"var(--ast-global-color-5)","background-image":"","background-repeat":"repeat","background-position":"center center","background-size":"auto","background-attachment":"scroll","background-type":"","background-media":"","overlay-type":"","overlay-color":"","overlay-opacity":"","overlay-gradient":""},"tablet":{"background-color":"var(--ast-global-color-5)","background-image":"","background-repeat":"repeat","background-position":"center center","background-size":"auto","background-attachment":"scroll","background-type":"","background-media":"","overlay-type":"","overlay-color":"","overlay-opacity":"","overlay-gradient":""},"mobile":{"background-color":"var(--ast-global-color-5)","background-image":"","background-repeat":"repeat","background-position":"center center","background-size":"auto","background-attachment":"scroll","background-type":"","background-media":"","overlay-type":"","overlay-color":"","overlay-opacity":"","overlay-gradient":""}},"advanced_seo_description":"","jetpack_seo_html_title":"","jetpack_seo_noindex":false,"_themeisle_gutenberg_block_has_review":false,"jetpack_publicize_message":"","jetpack_publicize_feature_enabled":true,"jetpack_social_post_already_shared":true,"jetpack_social_options":{"image_generator_settings":{"template":"highway","default_image_id":0,"font":"","enabled":false},"version":2},"_wpas_customize_per_network":false},"product_brand":[],"product_cat":[76611495],"product_tag":[],"class_list":{"0":"post-1159","1":"product","2":"type-product","3":"status-publish","4":"has-post-thumbnail","6":"product_cat-poukazy","7":"desktop-align-left","8":"tablet-align-left","9":"mobile-align-left","11":"first","12":"instock","13":"shipping-taxable","14":"purchasable","15":"product-type-simple"},"jetpack_publicize_connections":[],"uagb_featured_image_src":{"full":["https:\/\/i0.wp.com\/catonthemoon.studio\/wp-content\/uploads\/2024\/12\/Screenshot-at-Sep-18-01-04-58.png?fit=856%2C942&ssl=1",856,942,false],"thumbnail":["https:\/\/i0.wp.com\/catonthemoon.studio\/wp-content\/uploads\/2024\/12\/Screenshot-at-Sep-18-01-04-58.png?resize=150%2C150&ssl=1",150,150,true],"medium":["https:\/\/i0.wp.com\/catonthemoon.studio\/wp-content\/uploads\/2024\/12\/Screenshot-at-Sep-18-01-04-58.png?fit=273%2C300&ssl=1",273,300,true],"medium_large":["https:\/\/i0.wp.com\/catonthemoon.studio\/wp-content\/uploads\/2024\/12\/Screenshot-at-Sep-18-01-04-58.png?fit=768%2C845&ssl=1",768,845,true],"large":["https:\/\/i0.wp.com\/catonthemoon.studio\/wp-content\/uploads\/2024\/12\/Screenshot-at-Sep-18-01-04-58.png?fit=856%2C942&ssl=1",856,942,true],"1536x1536":["https:\/\/i0.wp.com\/catonthemoon.studio\/wp-content\/uploads\/2024\/12\/Screenshot-at-Sep-18-01-04-58.png?fit=856%2C942&ssl=1",856,942,true],"2048x2048":["https:\/\/i0.wp.com\/catonthemoon.studio\/wp-content\/uploads\/2024\/12\/Screenshot-at-Sep-18-01-04-58.png?fit=856%2C942&ssl=1",856,942,true],"trp-custom-language-flag":["https:\/\/i0.wp.com\/catonthemoon.studio\/wp-content\/uploads\/2024\/12\/Screenshot-at-Sep-18-01-04-58.png?fit=11%2C12&ssl=1",11,12,true],"newspack-article-block-landscape-large":["https:\/\/i0.wp.com\/catonthemoon.studio\/wp-content\/uploads\/2024\/12\/Screenshot-at-Sep-18-01-04-58.png?resize=856%2C900&ssl=1",856,900,true],"newspack-article-block-portrait-large":["https:\/\/i0.wp.com\/catonthemoon.studio\/wp-content\/uploads\/2024\/12\/Screenshot-at-Sep-18-01-04-58.png?resize=856%2C942&ssl=1",856,942,true],"newspack-article-block-square-large":["https:\/\/i0.wp.com\/catonthemoon.studio\/wp-content\/uploads\/2024\/12\/Screenshot-at-Sep-18-01-04-58.png?resize=856%2C942&ssl=1",856,942,true],"newspack-article-block-landscape-medium":["https:\/\/i0.wp.com\/catonthemoon.studio\/wp-content\/uploads\/2024\/12\/Screenshot-at-Sep-18-01-04-58.png?resize=800%2C600&ssl=1",800,600,true],"newspack-article-block-portrait-medium":["https:\/\/i0.wp.com\/catonthemoon.studio\/wp-content\/uploads\/2024\/12\/Screenshot-at-Sep-18-01-04-58.png?resize=600%2C800&ssl=1",600,800,true],"newspack-article-block-square-medium":["https:\/\/i0.wp.com\/catonthemoon.studio\/wp-content\/uploads\/2024\/12\/Screenshot-at-Sep-18-01-04-58.png?resize=800%2C800&ssl=1",800,800,true],"newspack-article-block-landscape-intermediate":["https:\/\/i0.wp.com\/catonthemoon.studio\/wp-content\/uploads\/2024\/12\/Screenshot-at-Sep-18-01-04-58.png?resize=600%2C450&ssl=1",600,450,true],"newspack-article-block-portrait-intermediate":["https:\/\/i0.wp.com\/catonthemoon.studio\/wp-content\/uploads\/2024\/12\/Screenshot-at-Sep-18-01-04-58.png?resize=450%2C600&ssl=1",450,600,true],"newspack-article-block-square-intermediate":["https:\/\/i0.wp.com\/catonthemoon.studio\/wp-content\/uploads\/2024\/12\/Screenshot-at-Sep-18-01-04-58.png?resize=600%2C600&ssl=1",600,600,true],"newspack-article-block-landscape-small":["https:\/\/i0.wp.com\/catonthemoon.studio\/wp-content\/uploads\/2024\/12\/Screenshot-at-Sep-18-01-04-58.png?resize=400%2C300&ssl=1",400,300,true],"newspack-article-block-portrait-small":["https:\/\/i0.wp.com\/catonthemoon.studio\/wp-content\/uploads\/2024\/12\/Screenshot-at-Sep-18-01-04-58.png?resize=300%2C400&ssl=1",300,400,true],"newspack-article-block-square-small":["https:\/\/i0.wp.com\/catonthemoon.studio\/wp-content\/uploads\/2024\/12\/Screenshot-at-Sep-18-01-04-58.png?resize=400%2C400&ssl=1",400,400,true],"newspack-article-block-landscape-tiny":["https:\/\/i0.wp.com\/catonthemoon.studio\/wp-content\/uploads\/2024\/12\/Screenshot-at-Sep-18-01-04-58.png?resize=200%2C150&ssl=1",200,150,true],"newspack-article-block-portrait-tiny":["https:\/\/i0.wp.com\/catonthemoon.studio\/wp-content\/uploads\/2024\/12\/Screenshot-at-Sep-18-01-04-58.png?resize=150%2C200&ssl=1",150,200,true],"newspack-article-block-square-tiny":["https:\/\/i0.wp.com\/catonthemoon.studio\/wp-content\/uploads\/2024\/12\/Screenshot-at-Sep-18-01-04-58.png?resize=200%2C200&ssl=1",200,200,true],"newspack-article-block-uncropped":["https:\/\/i0.wp.com\/catonthemoon.studio\/wp-content\/uploads\/2024\/12\/Screenshot-at-Sep-18-01-04-58.png?fit=856%2C942&ssl=1",856,942,true],"woocommerce_thumbnail":["https:\/\/i0.wp.com\/catonthemoon.studio\/wp-content\/uploads\/2024\/12\/Screenshot-at-Sep-18-01-04-58.png?resize=300%2C300&ssl=1",300,300,true],"woocommerce_single":["https:\/\/i0.wp.com\/catonthemoon.studio\/wp-content\/uploads\/2024\/12\/Screenshot-at-Sep-18-01-04-58.png?fit=600%2C660&ssl=1",600,660,true],"woocommerce_gallery_thumbnail":["https:\/\/i0.wp.com\/catonthemoon.studio\/wp-content\/uploads\/2024\/12\/Screenshot-at-Sep-18-01-04-58.png?resize=100%2C100&ssl=1",100,100,true]},"uagb_author_info":{"display_name":"Lenka Mauermannova","author_link":"https:\/\/catonthemoon.studio\/en\/author\/"},"uagb_comment_info":0,"uagb_excerpt":"Vyzkou\u0161ej si v\u00fdrobu p\u0159\u00edrodn\u00ed kosmetiky! Na workshopu si vyrob\u00ed\u0161 2 balz\u00e1my na rty v praktick\u00fdch tub\u00e1ch a jemn\u00fd cukrov\u00fd peeling. Vyu\u017eije\u0161 kvalitn\u00ed p\u0159\u00edrodn\u00ed suroviny \u2013 m\u00e1sla, oleje i p\u0159\u00edrodn\u00ed p\u0159\u00edchut\u011b \u2013 a odnese\u0161 si origin\u00e1ln\u00ed produkty i recepty pro dal\u0161\u00ed tvo\u0159en\u00ed doma. &nbsp;","jetpack_likes_enabled":true,"jetpack_sharing_enabled":true,"jetpack-related-posts":[],"_links":{"self":[{"href":"https:\/\/catonthemoon.studio\/en\/wp-json\/wp\/v2\/product\/1159","targetHints":{"allow":["GET"]}}],"collection":[{"href":"https:\/\/catonthemoon.studio\/en\/wp-json\/wp\/v2\/product"}],"about":[{"href":"https:\/\/catonthemoon.studio\/en\/wp-json\/wp\/v2\/types\/product"}],"wp:featuredmedia":[{"embeddable":true,"href":"https:\/\/catonthemoon.studio\/en\/wp-json\/wp\/v2\/media\/2612"}],"wp:attachment":[{"href":"https:\/\/catonthemoon.studio\/en\/wp-json\/wp\/v2\/media?parent=1159"}],"wp:term":[{"taxonomy":"product_brand","embeddable":true,"href":"https:\/\/catonthemoon.studio\/en\/wp-json\/wp\/v2\/product_brand?post=1159"},{"taxonomy":"product_cat","embeddable":true,"href":"https:\/\/catonthemoon.studio\/en\/wp-json\/wp\/v2\/product_cat?post=1159"},{"taxonomy":"product_tag","embeddable":true,"href":"https:\/\/catonthemoon.studio\/en\/wp-json\/wp\/v2\/product_tag?post=1159"}],"curies":[{"name":"wp","href":"https:\/\/api.w.org\/{rel}","templated":true}]}}