{"id":2965,"date":"2025-10-23T22:40:00","date_gmt":"2025-10-23T20:40:00","guid":{"rendered":"https:\/\/catonthemoon.studio\/?post_type=product&#038;p=2965"},"modified":"2025-10-29T14:52:24","modified_gmt":"2025-10-29T13:52:24","slug":"skorice","status":"publish","type":"product","link":"https:\/\/catonthemoon.studio\/en\/product\/skorice\/","title":{"rendered":"Cinnamon"},"content":{"rendered":"<p class=\"p1\"><span class=\"s1\"><b>Cinnamon<\/b><\/span> is a classic, warm fragrance with a rich, spicy character that instantly evokes a feeling of warmth and coziness. Perfect for <span class=\"s1\"><b>autumn and winter candles<\/b><\/span>, but when combined with citrus or wood, it works well in year-round collections too. Pairs excellently with natural waxes and a rustic style.<\/p>\n<p class=\"p1\">This fragrance oil is suitable for use in the production of:<\/p>\n<ul>\n<li>\n<p class=\"p1\">soy and paraffin candles<\/p>\n<\/li>\n<li>\n<p class=\"p1\">wax melts and aroma stones<\/p>\n<\/li>\n<li>\n<p class=\"p1\">diffusers<\/p>\n<\/li>\n<li>\n<p class=\"p1\">handmade soaps<\/p>\n<\/li>\n<\/ul>\n<p>&nbsp;<\/p>\n<p class=\"p1\">The fragrance has <span class=\"s1\"><b>IFRA certification<\/b><\/span>, which ensures its safe use in cosmetic products as well.<\/p>","protected":false},"excerpt":{"rendered":"<p class=\"p1\">A bold, spicy cinnamon fragrance with a warm undertone. A great choice for autumn and winter candles.<\/p>","protected":false},"featured_media":3002,"template":"","meta":{"_uag_custom_page_level_css":"","site-sidebar-layout":"left-sidebar","site-content-layout":"","ast-site-content-layout":"normal-width-container","site-content-style":"boxed","site-sidebar-style":"boxed","ast-global-header-display":"","ast-banner-title-visibility":"","ast-main-header-display":"","ast-hfb-above-header-display":"","ast-hfb-below-header-display":"","ast-hfb-mobile-header-display":"","site-post-title":"","ast-breadcrumbs-content":"","ast-featured-img":"","footer-sml-layout":"","theme-transparent-header-meta":"default","adv-header-id-meta":"","stick-header-meta":"","header-above-stick-meta":"","header-main-stick-meta":"","header-below-stick-meta":"","astra-migrate-meta-layouts":"set","ast-page-background-enabled":"default","ast-page-background-meta":{"desktop":{"background-color":"var(--ast-global-color-4)","background-image":"","background-repeat":"repeat","background-position":"center center","background-size":"auto","background-attachment":"scroll","background-type":"","background-media":"","overlay-type":"","overlay-color":"","overlay-opacity":"","overlay-gradient":""},"tablet":{"background-color":"","background-image":"","background-repeat":"repeat","background-position":"center center","background-size":"auto","background-attachment":"scroll","background-type":"","background-media":"","overlay-type":"","overlay-color":"","overlay-opacity":"","overlay-gradient":""},"mobile":{"background-color":"","background-image":"","background-repeat":"repeat","background-position":"center center","background-size":"auto","background-attachment":"scroll","background-type":"","background-media":"","overlay-type":"","overlay-color":"","overlay-opacity":"","overlay-gradient":""}},"ast-content-background-meta":{"desktop":{"background-color":"var(--ast-global-color-5)","background-image":"","background-repeat":"repeat","background-position":"center center","background-size":"auto","background-attachment":"scroll","background-type":"","background-media":"","overlay-type":"","overlay-color":"","overlay-opacity":"","overlay-gradient":""},"tablet":{"background-color":"var(--ast-global-color-5)","background-image":"","background-repeat":"repeat","background-position":"center center","background-size":"auto","background-attachment":"scroll","background-type":"","background-media":"","overlay-type":"","overlay-color":"","overlay-opacity":"","overlay-gradient":""},"mobile":{"background-color":"var(--ast-global-color-5)","background-image":"","background-repeat":"repeat","background-position":"center center","background-size":"auto","background-attachment":"scroll","background-type":"","background-media":"","overlay-type":"","overlay-color":"","overlay-opacity":"","overlay-gradient":""}},"advanced_seo_description":"","jetpack_seo_html_title":"","jetpack_seo_noindex":false,"_themeisle_gutenberg_block_has_review":false,"jetpack_publicize_message":"","jetpack_publicize_feature_enabled":true,"jetpack_social_post_already_shared":true,"jetpack_social_options":{"image_generator_settings":{"template":"highway","default_image_id":0,"font":"","enabled":false},"version":2},"_wpas_customize_per_network":false},"product_brand":[],"product_cat":[76611589],"product_tag":[76611593,76611591,76611592,76611590],"class_list":{"0":"post-2965","1":"product","2":"type-product","3":"status-publish","4":"has-post-thumbnail","6":"product_cat-vune-vyroba-svicek","7":"product_tag-candlemaking","8":"product_tag-scents","9":"product_tag-tvorenisvicek","10":"product_tag-vune","11":"desktop-align-left","12":"tablet-align-left","13":"mobile-align-left","15":"first","16":"instock","17":"shipping-taxable","18":"purchasable","19":"product-type-variable","20":"has-default-attributes"},"jetpack_publicize_connections":[],"uagb_featured_image_src":{"full":["https:\/\/i0.wp.com\/catonthemoon.studio\/wp-content\/uploads\/2025\/10\/MEET-AND-SOCIALIZE-BATH-BOMS-4th-of-March-65.png?fit=1080%2C1080&ssl=1",1080,1080,false],"thumbnail":["https:\/\/i0.wp.com\/catonthemoon.studio\/wp-content\/uploads\/2025\/10\/MEET-AND-SOCIALIZE-BATH-BOMS-4th-of-March-65.png?resize=150%2C150&ssl=1",150,150,true],"medium":["https:\/\/i0.wp.com\/catonthemoon.studio\/wp-content\/uploads\/2025\/10\/MEET-AND-SOCIALIZE-BATH-BOMS-4th-of-March-65.png?fit=300%2C300&ssl=1",300,300,true],"medium_large":["https:\/\/i0.wp.com\/catonthemoon.studio\/wp-content\/uploads\/2025\/10\/MEET-AND-SOCIALIZE-BATH-BOMS-4th-of-March-65.png?fit=768%2C768&ssl=1",768,768,true],"large":["https:\/\/i0.wp.com\/catonthemoon.studio\/wp-content\/uploads\/2025\/10\/MEET-AND-SOCIALIZE-BATH-BOMS-4th-of-March-65.png?fit=1024%2C1024&ssl=1",1024,1024,true],"1536x1536":["https:\/\/i0.wp.com\/catonthemoon.studio\/wp-content\/uploads\/2025\/10\/MEET-AND-SOCIALIZE-BATH-BOMS-4th-of-March-65.png?fit=1080%2C1080&ssl=1",1080,1080,true],"2048x2048":["https:\/\/i0.wp.com\/catonthemoon.studio\/wp-content\/uploads\/2025\/10\/MEET-AND-SOCIALIZE-BATH-BOMS-4th-of-March-65.png?fit=1080%2C1080&ssl=1",1080,1080,true],"trp-custom-language-flag":["https:\/\/i0.wp.com\/catonthemoon.studio\/wp-content\/uploads\/2025\/10\/MEET-AND-SOCIALIZE-BATH-BOMS-4th-of-March-65.png?fit=12%2C12&ssl=1",12,12,true],"newspack-article-block-landscape-large":["https:\/\/i0.wp.com\/catonthemoon.studio\/wp-content\/uploads\/2025\/10\/MEET-AND-SOCIALIZE-BATH-BOMS-4th-of-March-65.png?resize=1080%2C900&ssl=1",1080,900,true],"newspack-article-block-portrait-large":["https:\/\/i0.wp.com\/catonthemoon.studio\/wp-content\/uploads\/2025\/10\/MEET-AND-SOCIALIZE-BATH-BOMS-4th-of-March-65.png?resize=900%2C1080&ssl=1",900,1080,true],"newspack-article-block-square-large":["https:\/\/i0.wp.com\/catonthemoon.studio\/wp-content\/uploads\/2025\/10\/MEET-AND-SOCIALIZE-BATH-BOMS-4th-of-March-65.png?resize=1080%2C1080&ssl=1",1080,1080,true],"newspack-article-block-landscape-medium":["https:\/\/i0.wp.com\/catonthemoon.studio\/wp-content\/uploads\/2025\/10\/MEET-AND-SOCIALIZE-BATH-BOMS-4th-of-March-65.png?resize=800%2C600&ssl=1",800,600,true],"newspack-article-block-portrait-medium":["https:\/\/i0.wp.com\/catonthemoon.studio\/wp-content\/uploads\/2025\/10\/MEET-AND-SOCIALIZE-BATH-BOMS-4th-of-March-65.png?resize=600%2C800&ssl=1",600,800,true],"newspack-article-block-square-medium":["https:\/\/i0.wp.com\/catonthemoon.studio\/wp-content\/uploads\/2025\/10\/MEET-AND-SOCIALIZE-BATH-BOMS-4th-of-March-65.png?resize=800%2C800&ssl=1",800,800,true],"newspack-article-block-landscape-intermediate":["https:\/\/i0.wp.com\/catonthemoon.studio\/wp-content\/uploads\/2025\/10\/MEET-AND-SOCIALIZE-BATH-BOMS-4th-of-March-65.png?resize=600%2C450&ssl=1",600,450,true],"newspack-article-block-portrait-intermediate":["https:\/\/i0.wp.com\/catonthemoon.studio\/wp-content\/uploads\/2025\/10\/MEET-AND-SOCIALIZE-BATH-BOMS-4th-of-March-65.png?resize=450%2C600&ssl=1",450,600,true],"newspack-article-block-square-intermediate":["https:\/\/i0.wp.com\/catonthemoon.studio\/wp-content\/uploads\/2025\/10\/MEET-AND-SOCIALIZE-BATH-BOMS-4th-of-March-65.png?resize=600%2C600&ssl=1",600,600,true],"newspack-article-block-landscape-small":["https:\/\/i0.wp.com\/catonthemoon.studio\/wp-content\/uploads\/2025\/10\/MEET-AND-SOCIALIZE-BATH-BOMS-4th-of-March-65.png?resize=400%2C300&ssl=1",400,300,true],"newspack-article-block-portrait-small":["https:\/\/i0.wp.com\/catonthemoon.studio\/wp-content\/uploads\/2025\/10\/MEET-AND-SOCIALIZE-BATH-BOMS-4th-of-March-65.png?resize=300%2C400&ssl=1",300,400,true],"newspack-article-block-square-small":["https:\/\/i0.wp.com\/catonthemoon.studio\/wp-content\/uploads\/2025\/10\/MEET-AND-SOCIALIZE-BATH-BOMS-4th-of-March-65.png?resize=400%2C400&ssl=1",400,400,true],"newspack-article-block-landscape-tiny":["https:\/\/i0.wp.com\/catonthemoon.studio\/wp-content\/uploads\/2025\/10\/MEET-AND-SOCIALIZE-BATH-BOMS-4th-of-March-65.png?resize=200%2C150&ssl=1",200,150,true],"newspack-article-block-portrait-tiny":["https:\/\/i0.wp.com\/catonthemoon.studio\/wp-content\/uploads\/2025\/10\/MEET-AND-SOCIALIZE-BATH-BOMS-4th-of-March-65.png?resize=150%2C200&ssl=1",150,200,true],"newspack-article-block-square-tiny":["https:\/\/i0.wp.com\/catonthemoon.studio\/wp-content\/uploads\/2025\/10\/MEET-AND-SOCIALIZE-BATH-BOMS-4th-of-March-65.png?resize=200%2C200&ssl=1",200,200,true],"newspack-article-block-uncropped":["https:\/\/i0.wp.com\/catonthemoon.studio\/wp-content\/uploads\/2025\/10\/MEET-AND-SOCIALIZE-BATH-BOMS-4th-of-March-65.png?fit=1080%2C1080&ssl=1",1080,1080,true],"woocommerce_thumbnail":["https:\/\/i0.wp.com\/catonthemoon.studio\/wp-content\/uploads\/2025\/10\/MEET-AND-SOCIALIZE-BATH-BOMS-4th-of-March-65.png?resize=300%2C300&ssl=1",300,300,true],"woocommerce_single":["https:\/\/i0.wp.com\/catonthemoon.studio\/wp-content\/uploads\/2025\/10\/MEET-AND-SOCIALIZE-BATH-BOMS-4th-of-March-65.png?fit=600%2C600&ssl=1",600,600,true],"woocommerce_gallery_thumbnail":["https:\/\/i0.wp.com\/catonthemoon.studio\/wp-content\/uploads\/2025\/10\/MEET-AND-SOCIALIZE-BATH-BOMS-4th-of-March-65.png?resize=100%2C100&ssl=1",100,100,true]},"uagb_author_info":{"display_name":"Lenka Mauermannova","author_link":"https:\/\/catonthemoon.studio\/en\/author\/"},"uagb_comment_info":0,"uagb_excerpt":"V\u00fdrazn\u00e1 ko\u0159en\u011bn\u00e1 v\u016fn\u011b sko\u0159ice s h\u0159ejiv\u00fdm podt\u00f3nem. Skv\u011bl\u00e1 volba do zimn\u00edch a podzimn\u00edch sv\u00ed\u010dek.","jetpack_likes_enabled":true,"jetpack_sharing_enabled":true,"jetpack-related-posts":[],"_links":{"self":[{"href":"https:\/\/catonthemoon.studio\/en\/wp-json\/wp\/v2\/product\/2965","targetHints":{"allow":["GET"]}}],"collection":[{"href":"https:\/\/catonthemoon.studio\/en\/wp-json\/wp\/v2\/product"}],"about":[{"href":"https:\/\/catonthemoon.studio\/en\/wp-json\/wp\/v2\/types\/product"}],"wp:featuredmedia":[{"embeddable":true,"href":"https:\/\/catonthemoon.studio\/en\/wp-json\/wp\/v2\/media\/3002"}],"wp:attachment":[{"href":"https:\/\/catonthemoon.studio\/en\/wp-json\/wp\/v2\/media?parent=2965"}],"wp:term":[{"taxonomy":"product_brand","embeddable":true,"href":"https:\/\/catonthemoon.studio\/en\/wp-json\/wp\/v2\/product_brand?post=2965"},{"taxonomy":"product_cat","embeddable":true,"href":"https:\/\/catonthemoon.studio\/en\/wp-json\/wp\/v2\/product_cat?post=2965"},{"taxonomy":"product_tag","embeddable":true,"href":"https:\/\/catonthemoon.studio\/en\/wp-json\/wp\/v2\/product_tag?post=2965"}],"curies":[{"name":"wp","href":"https:\/\/api.w.org\/{rel}","templated":true}]}}