{"id":3087,"date":"2025-10-30T11:22:15","date_gmt":"2025-10-30T10:22:15","guid":{"rendered":"https:\/\/catonthemoon.studio\/?post_type=product&#038;p=3087"},"modified":"2025-11-08T13:12:17","modified_gmt":"2025-11-08T12:12:17","slug":"poukaz-na-workshop-svicky-v-jesmonite-misce","status":"publish","type":"product","link":"https:\/\/catonthemoon.studio\/en\/product\/poukaz-na-workshop-svicky-v-jesmonite-misce\/","title":{"rendered":"Voucher for workshop candle in Jesmonite bowl"},"content":{"rendered":"<p class=\"p4\"><b>The voucher is valid for 12 months from the date of purchase.<\/b><\/p>\n<p class=\"p4\">To redeem it, simply enter the voucher code in the note when booking your spot.<\/p>","protected":false},"excerpt":{"rendered":"<p class=\"p1\">This workshop offers an experience beyond classic candle making. You\u2019ll not only create your own unique candle, but also a Jesmonite bowl that you\u2019ll mix and color yourself according to your taste.<\/p>\n<p class=\"p1\">You\u2019ll pour 220 g of soy wax with three wicks into your handmade bowl and blend your own unique fragrance from natural oils. Finally, you\u2019ll decorate your candle with colorful wax ornaments \u2014 such as succulents, roses, cacti, or seasonal designs like snowflakes or pumpkins.<\/p>\n<p class=\"p1\">You\u2019ll customize everything to your liking \u2014 from the color of the bowl to the final look of the candle \u2014 and take home a beautiful, fragrant, and completely unique creation.<\/p>\n<p class=\"p1\">This workshop is perfect for anyone who wants to treat themselves to something special and take home a beautiful, handmade piece to decorate their home.<\/p>","protected":false},"featured_media":3078,"template":"","meta":{"_uag_custom_page_level_css":"","site-sidebar-layout":"left-sidebar","site-content-layout":"","ast-site-content-layout":"normal-width-container","site-content-style":"boxed","site-sidebar-style":"boxed","ast-global-header-display":"","ast-banner-title-visibility":"","ast-main-header-display":"","ast-hfb-above-header-display":"","ast-hfb-below-header-display":"","ast-hfb-mobile-header-display":"","site-post-title":"","ast-breadcrumbs-content":"","ast-featured-img":"","footer-sml-layout":"","theme-transparent-header-meta":"default","adv-header-id-meta":"","stick-header-meta":"","header-above-stick-meta":"","header-main-stick-meta":"","header-below-stick-meta":"","astra-migrate-meta-layouts":"set","ast-page-background-enabled":"default","ast-page-background-meta":{"desktop":{"background-color":"var(--ast-global-color-4)","background-image":"","background-repeat":"repeat","background-position":"center center","background-size":"auto","background-attachment":"scroll","background-type":"","background-media":"","overlay-type":"","overlay-color":"","overlay-opacity":"","overlay-gradient":""},"tablet":{"background-color":"","background-image":"","background-repeat":"repeat","background-position":"center center","background-size":"auto","background-attachment":"scroll","background-type":"","background-media":"","overlay-type":"","overlay-color":"","overlay-opacity":"","overlay-gradient":""},"mobile":{"background-color":"","background-image":"","background-repeat":"repeat","background-position":"center center","background-size":"auto","background-attachment":"scroll","background-type":"","background-media":"","overlay-type":"","overlay-color":"","overlay-opacity":"","overlay-gradient":""}},"ast-content-background-meta":{"desktop":{"background-color":"var(--ast-global-color-5)","background-image":"","background-repeat":"repeat","background-position":"center center","background-size":"auto","background-attachment":"scroll","background-type":"","background-media":"","overlay-type":"","overlay-color":"","overlay-opacity":"","overlay-gradient":""},"tablet":{"background-color":"var(--ast-global-color-5)","background-image":"","background-repeat":"repeat","background-position":"center center","background-size":"auto","background-attachment":"scroll","background-type":"","background-media":"","overlay-type":"","overlay-color":"","overlay-opacity":"","overlay-gradient":""},"mobile":{"background-color":"var(--ast-global-color-5)","background-image":"","background-repeat":"repeat","background-position":"center center","background-size":"auto","background-attachment":"scroll","background-type":"","background-media":"","overlay-type":"","overlay-color":"","overlay-opacity":"","overlay-gradient":""}},"advanced_seo_description":"","jetpack_seo_html_title":"","jetpack_seo_noindex":false,"_themeisle_gutenberg_block_has_review":false,"jetpack_publicize_message":"","jetpack_publicize_feature_enabled":true,"jetpack_social_post_already_shared":true,"jetpack_social_options":{"image_generator_settings":{"template":"highway","default_image_id":0,"font":"","enabled":false},"version":2},"_wpas_customize_per_network":false},"product_brand":[],"product_cat":[76611495],"product_tag":[76611593,76611505,76611501,76611592,76611498,76611617,76611499],"class_list":{"0":"post-3087","1":"product","2":"type-product","3":"status-publish","4":"has-post-thumbnail","6":"product_cat-poukazy","7":"product_tag-candlemaking","8":"product_tag-jesmonite","9":"product_tag-poukaz","10":"product_tag-tvorenisvicek","11":"product_tag-voucher","12":"product_tag-vyrobasvicek","13":"product_tag-workshop","14":"desktop-align-left","15":"tablet-align-left","16":"mobile-align-left","18":"first","19":"instock","20":"virtual","21":"purchasable","22":"product-type-simple"},"jetpack_publicize_connections":[],"uagb_featured_image_src":{"full":["https:\/\/i0.wp.com\/catonthemoon.studio\/wp-content\/uploads\/2025\/10\/jhje.png?fit=1024%2C1024&ssl=1",1024,1024,false],"thumbnail":["https:\/\/i0.wp.com\/catonthemoon.studio\/wp-content\/uploads\/2025\/10\/jhje.png?resize=150%2C150&ssl=1",150,150,true],"medium":["https:\/\/i0.wp.com\/catonthemoon.studio\/wp-content\/uploads\/2025\/10\/jhje.png?fit=300%2C300&ssl=1",300,300,true],"medium_large":["https:\/\/i0.wp.com\/catonthemoon.studio\/wp-content\/uploads\/2025\/10\/jhje.png?fit=768%2C768&ssl=1",768,768,true],"large":["https:\/\/i0.wp.com\/catonthemoon.studio\/wp-content\/uploads\/2025\/10\/jhje.png?fit=1024%2C1024&ssl=1",1024,1024,true],"1536x1536":["https:\/\/i0.wp.com\/catonthemoon.studio\/wp-content\/uploads\/2025\/10\/jhje.png?fit=1024%2C1024&ssl=1",1024,1024,true],"2048x2048":["https:\/\/i0.wp.com\/catonthemoon.studio\/wp-content\/uploads\/2025\/10\/jhje.png?fit=1024%2C1024&ssl=1",1024,1024,true],"trp-custom-language-flag":["https:\/\/i0.wp.com\/catonthemoon.studio\/wp-content\/uploads\/2025\/10\/jhje.png?fit=12%2C12&ssl=1",12,12,true],"newspack-article-block-landscape-large":["https:\/\/i0.wp.com\/catonthemoon.studio\/wp-content\/uploads\/2025\/10\/jhje.png?resize=1024%2C900&ssl=1",1024,900,true],"newspack-article-block-portrait-large":["https:\/\/i0.wp.com\/catonthemoon.studio\/wp-content\/uploads\/2025\/10\/jhje.png?resize=900%2C1024&ssl=1",900,1024,true],"newspack-article-block-square-large":["https:\/\/i0.wp.com\/catonthemoon.studio\/wp-content\/uploads\/2025\/10\/jhje.png?resize=1024%2C1024&ssl=1",1024,1024,true],"newspack-article-block-landscape-medium":["https:\/\/i0.wp.com\/catonthemoon.studio\/wp-content\/uploads\/2025\/10\/jhje.png?resize=800%2C600&ssl=1",800,600,true],"newspack-article-block-portrait-medium":["https:\/\/i0.wp.com\/catonthemoon.studio\/wp-content\/uploads\/2025\/10\/jhje.png?resize=600%2C800&ssl=1",600,800,true],"newspack-article-block-square-medium":["https:\/\/i0.wp.com\/catonthemoon.studio\/wp-content\/uploads\/2025\/10\/jhje.png?resize=800%2C800&ssl=1",800,800,true],"newspack-article-block-landscape-intermediate":["https:\/\/i0.wp.com\/catonthemoon.studio\/wp-content\/uploads\/2025\/10\/jhje.png?resize=600%2C450&ssl=1",600,450,true],"newspack-article-block-portrait-intermediate":["https:\/\/i0.wp.com\/catonthemoon.studio\/wp-content\/uploads\/2025\/10\/jhje.png?resize=450%2C600&ssl=1",450,600,true],"newspack-article-block-square-intermediate":["https:\/\/i0.wp.com\/catonthemoon.studio\/wp-content\/uploads\/2025\/10\/jhje.png?resize=600%2C600&ssl=1",600,600,true],"newspack-article-block-landscape-small":["https:\/\/i0.wp.com\/catonthemoon.studio\/wp-content\/uploads\/2025\/10\/jhje.png?resize=400%2C300&ssl=1",400,300,true],"newspack-article-block-portrait-small":["https:\/\/i0.wp.com\/catonthemoon.studio\/wp-content\/uploads\/2025\/10\/jhje.png?resize=300%2C400&ssl=1",300,400,true],"newspack-article-block-square-small":["https:\/\/i0.wp.com\/catonthemoon.studio\/wp-content\/uploads\/2025\/10\/jhje.png?resize=400%2C400&ssl=1",400,400,true],"newspack-article-block-landscape-tiny":["https:\/\/i0.wp.com\/catonthemoon.studio\/wp-content\/uploads\/2025\/10\/jhje.png?resize=200%2C150&ssl=1",200,150,true],"newspack-article-block-portrait-tiny":["https:\/\/i0.wp.com\/catonthemoon.studio\/wp-content\/uploads\/2025\/10\/jhje.png?resize=150%2C200&ssl=1",150,200,true],"newspack-article-block-square-tiny":["https:\/\/i0.wp.com\/catonthemoon.studio\/wp-content\/uploads\/2025\/10\/jhje.png?resize=200%2C200&ssl=1",200,200,true],"newspack-article-block-uncropped":["https:\/\/i0.wp.com\/catonthemoon.studio\/wp-content\/uploads\/2025\/10\/jhje.png?fit=1024%2C1024&ssl=1",1024,1024,true],"woocommerce_thumbnail":["https:\/\/i0.wp.com\/catonthemoon.studio\/wp-content\/uploads\/2025\/10\/jhje.png?resize=300%2C300&ssl=1",300,300,true],"woocommerce_single":["https:\/\/i0.wp.com\/catonthemoon.studio\/wp-content\/uploads\/2025\/10\/jhje.png?fit=600%2C600&ssl=1",600,600,true],"woocommerce_gallery_thumbnail":["https:\/\/i0.wp.com\/catonthemoon.studio\/wp-content\/uploads\/2025\/10\/jhje.png?resize=100%2C100&ssl=1",100,100,true]},"uagb_author_info":{"display_name":"Lenka Mauermannova","author_link":"https:\/\/catonthemoon.studio\/en\/author\/"},"uagb_comment_info":0,"uagb_excerpt":"Tento workshop nab\u00edz\u00ed z\u00e1\u017eitek nav\u00edc oproti klasick\u00e9mu tvo\u0159en\u00ed sv\u00ed\u010dek. Nejen\u017ee si vytvo\u0159\u00ed\u0161 vlastn\u00ed origin\u00e1ln\u00ed sv\u00ed\u010dku, ale tak\u00e9 misku z Jesmonitu, kterou si s\u00e1m\/sama nam\u00edch\u00e1\u0161 a nabarv\u00ed\u0161 podle sv\u00e9ho vkusu. Do misky nalije\u0161 220 g s\u00f3jov\u00e9ho vosku se t\u0159emi knoty a nam\u00edch\u00e1\u0161 si svou jedine\u010dnou v\u016fni z p\u0159\u00edrodn\u00edch olej\u016f. Nakonec sv\u00ed\u010dku ozdob\u00ed\u0161 barevn\u00fdmi voskov\u00fdmi dekoracemi \u2013&hellip;","jetpack_likes_enabled":true,"jetpack_sharing_enabled":true,"jetpack-related-posts":[],"_links":{"self":[{"href":"https:\/\/catonthemoon.studio\/en\/wp-json\/wp\/v2\/product\/3087","targetHints":{"allow":["GET"]}}],"collection":[{"href":"https:\/\/catonthemoon.studio\/en\/wp-json\/wp\/v2\/product"}],"about":[{"href":"https:\/\/catonthemoon.studio\/en\/wp-json\/wp\/v2\/types\/product"}],"wp:featuredmedia":[{"embeddable":true,"href":"https:\/\/catonthemoon.studio\/en\/wp-json\/wp\/v2\/media\/3078"}],"wp:attachment":[{"href":"https:\/\/catonthemoon.studio\/en\/wp-json\/wp\/v2\/media?parent=3087"}],"wp:term":[{"taxonomy":"product_brand","embeddable":true,"href":"https:\/\/catonthemoon.studio\/en\/wp-json\/wp\/v2\/product_brand?post=3087"},{"taxonomy":"product_cat","embeddable":true,"href":"https:\/\/catonthemoon.studio\/en\/wp-json\/wp\/v2\/product_cat?post=3087"},{"taxonomy":"product_tag","embeddable":true,"href":"https:\/\/catonthemoon.studio\/en\/wp-json\/wp\/v2\/product_tag?post=3087"}],"curies":[{"name":"wp","href":"https:\/\/api.w.org\/{rel}","templated":true}]}}