{"id":390,"date":"2024-07-24T17:05:43","date_gmt":"2024-07-24T15:05:43","guid":{"rendered":"https:\/\/catonthemoon.studio\/?post_type=product&#038;p=390"},"modified":"2025-09-19T23:57:33","modified_gmt":"2025-09-19T21:57:33","slug":"poukaz-na-workshop-kokosove-svicky","status":"publish","type":"product","link":"https:\/\/catonthemoon.studio\/en\/product\/poukaz-na-workshop-kokosove-svicky\/","title":{"rendered":"Voucher for coconut candle workshop"},"content":{"rendered":"<p class=\"p4\"><b>The voucher is valid for 12 months from the date of purchase.<\/b><\/p>\n<p class=\"p4\">To redeem it, simply enter the voucher code in the note when booking your spot.<\/p>","protected":false},"excerpt":{"rendered":"<p class=\"p3\">In this workshop, you\u2019ll create a unique 350 ml natural candle made from coconut wax. You\u2019ll be working with a real coconut shell, which you can keep and reuse after the candle burns out \u2013 for example, as a breakfast bowl.<\/p>\n<p class=\"p3\">You\u2019ll choose your favorite scent, natural decorations, and colors. The best part? You\u2019ll handcraft your own wax decorations \u2014 flowers, leaves, or even little bears \u2014 however your imagination inspires you.<\/p>","protected":false},"featured_media":2220,"template":"","meta":{"_uag_custom_page_level_css":"","site-sidebar-layout":"left-sidebar","site-content-layout":"","ast-site-content-layout":"normal-width-container","site-content-style":"boxed","site-sidebar-style":"boxed","ast-global-header-display":"","ast-banner-title-visibility":"","ast-main-header-display":"","ast-hfb-above-header-display":"","ast-hfb-below-header-display":"","ast-hfb-mobile-header-display":"","site-post-title":"","ast-breadcrumbs-content":"","ast-featured-img":"","footer-sml-layout":"","theme-transparent-header-meta":"default","adv-header-id-meta":"","stick-header-meta":"","header-above-stick-meta":"","header-main-stick-meta":"","header-below-stick-meta":"","astra-migrate-meta-layouts":"set","ast-page-background-enabled":"default","ast-page-background-meta":{"desktop":{"background-color":"var(--ast-global-color-4)","background-image":"","background-repeat":"repeat","background-position":"center center","background-size":"auto","background-attachment":"scroll","background-type":"","background-media":"","overlay-type":"","overlay-color":"","overlay-opacity":"","overlay-gradient":""},"tablet":{"background-color":"","background-image":"","background-repeat":"repeat","background-position":"center center","background-size":"auto","background-attachment":"scroll","background-type":"","background-media":"","overlay-type":"","overlay-color":"","overlay-opacity":"","overlay-gradient":""},"mobile":{"background-color":"","background-image":"","background-repeat":"repeat","background-position":"center center","background-size":"auto","background-attachment":"scroll","background-type":"","background-media":"","overlay-type":"","overlay-color":"","overlay-opacity":"","overlay-gradient":""}},"ast-content-background-meta":{"desktop":{"background-color":"var(--ast-global-color-5)","background-image":"","background-repeat":"repeat","background-position":"center center","background-size":"auto","background-attachment":"scroll","background-type":"","background-media":"","overlay-type":"","overlay-color":"","overlay-opacity":"","overlay-gradient":""},"tablet":{"background-color":"var(--ast-global-color-5)","background-image":"","background-repeat":"repeat","background-position":"center center","background-size":"auto","background-attachment":"scroll","background-type":"","background-media":"","overlay-type":"","overlay-color":"","overlay-opacity":"","overlay-gradient":""},"mobile":{"background-color":"var(--ast-global-color-5)","background-image":"","background-repeat":"repeat","background-position":"center center","background-size":"auto","background-attachment":"scroll","background-type":"","background-media":"","overlay-type":"","overlay-color":"","overlay-opacity":"","overlay-gradient":""}},"advanced_seo_description":"","jetpack_seo_html_title":"","jetpack_seo_noindex":false,"_themeisle_gutenberg_block_has_review":false,"jetpack_publicize_message":"","jetpack_publicize_feature_enabled":true,"jetpack_social_post_already_shared":true,"jetpack_social_options":{"image_generator_settings":{"template":"highway","default_image_id":0,"font":"","enabled":false},"version":2},"_wpas_customize_per_network":false},"product_brand":[],"product_cat":[76611495],"product_tag":[76611502,76611501,76611498,76611499],"class_list":{"0":"post-390","1":"product","2":"type-product","3":"status-publish","4":"has-post-thumbnail","6":"product_cat-poukazy","7":"product_tag-candle","8":"product_tag-poukaz","9":"product_tag-voucher","10":"product_tag-workshop","11":"desktop-align-left","12":"tablet-align-left","13":"mobile-align-left","15":"first","16":"instock","17":"virtual","18":"purchasable","19":"product-type-simple"},"jetpack_publicize_connections":[],"uagb_featured_image_src":{"full":["https:\/\/i0.wp.com\/catonthemoon.studio\/wp-content\/uploads\/2024\/07\/IMG_7020.jpg?fit=3024%2C3791&ssl=1",3024,3791,false],"thumbnail":["https:\/\/i0.wp.com\/catonthemoon.studio\/wp-content\/uploads\/2024\/07\/IMG_7020.jpg?resize=150%2C150&ssl=1",150,150,true],"medium":["https:\/\/i0.wp.com\/catonthemoon.studio\/wp-content\/uploads\/2024\/07\/IMG_7020.jpg?fit=239%2C300&ssl=1",239,300,true],"medium_large":["https:\/\/i0.wp.com\/catonthemoon.studio\/wp-content\/uploads\/2024\/07\/IMG_7020.jpg?fit=768%2C963&ssl=1",768,963,true],"large":["https:\/\/i0.wp.com\/catonthemoon.studio\/wp-content\/uploads\/2024\/07\/IMG_7020.jpg?fit=817%2C1024&ssl=1",817,1024,true],"1536x1536":["https:\/\/i0.wp.com\/catonthemoon.studio\/wp-content\/uploads\/2024\/07\/IMG_7020.jpg?fit=1225%2C1536&ssl=1",1225,1536,true],"2048x2048":["https:\/\/i0.wp.com\/catonthemoon.studio\/wp-content\/uploads\/2024\/07\/IMG_7020.jpg?fit=1634%2C2048&ssl=1",1634,2048,true],"trp-custom-language-flag":["https:\/\/i0.wp.com\/catonthemoon.studio\/wp-content\/uploads\/2024\/07\/IMG_7020.jpg?fit=10%2C12&ssl=1",10,12,true],"newspack-article-block-landscape-large":["https:\/\/i0.wp.com\/catonthemoon.studio\/wp-content\/uploads\/2024\/07\/IMG_7020.jpg?resize=1200%2C900&ssl=1",1200,900,true],"newspack-article-block-portrait-large":["https:\/\/i0.wp.com\/catonthemoon.studio\/wp-content\/uploads\/2024\/07\/IMG_7020.jpg?resize=900%2C1200&ssl=1",900,1200,true],"newspack-article-block-square-large":["https:\/\/i0.wp.com\/catonthemoon.studio\/wp-content\/uploads\/2024\/07\/IMG_7020.jpg?resize=1200%2C1200&ssl=1",1200,1200,true],"newspack-article-block-landscape-medium":["https:\/\/i0.wp.com\/catonthemoon.studio\/wp-content\/uploads\/2024\/07\/IMG_7020.jpg?resize=800%2C600&ssl=1",800,600,true],"newspack-article-block-portrait-medium":["https:\/\/i0.wp.com\/catonthemoon.studio\/wp-content\/uploads\/2024\/07\/IMG_7020.jpg?resize=600%2C800&ssl=1",600,800,true],"newspack-article-block-square-medium":["https:\/\/i0.wp.com\/catonthemoon.studio\/wp-content\/uploads\/2024\/07\/IMG_7020.jpg?resize=800%2C800&ssl=1",800,800,true],"newspack-article-block-landscape-intermediate":["https:\/\/i0.wp.com\/catonthemoon.studio\/wp-content\/uploads\/2024\/07\/IMG_7020.jpg?resize=600%2C450&ssl=1",600,450,true],"newspack-article-block-portrait-intermediate":["https:\/\/i0.wp.com\/catonthemoon.studio\/wp-content\/uploads\/2024\/07\/IMG_7020.jpg?resize=450%2C600&ssl=1",450,600,true],"newspack-article-block-square-intermediate":["https:\/\/i0.wp.com\/catonthemoon.studio\/wp-content\/uploads\/2024\/07\/IMG_7020.jpg?resize=600%2C600&ssl=1",600,600,true],"newspack-article-block-landscape-small":["https:\/\/i0.wp.com\/catonthemoon.studio\/wp-content\/uploads\/2024\/07\/IMG_7020.jpg?resize=400%2C300&ssl=1",400,300,true],"newspack-article-block-portrait-small":["https:\/\/i0.wp.com\/catonthemoon.studio\/wp-content\/uploads\/2024\/07\/IMG_7020.jpg?resize=300%2C400&ssl=1",300,400,true],"newspack-article-block-square-small":["https:\/\/i0.wp.com\/catonthemoon.studio\/wp-content\/uploads\/2024\/07\/IMG_7020.jpg?resize=400%2C400&ssl=1",400,400,true],"newspack-article-block-landscape-tiny":["https:\/\/i0.wp.com\/catonthemoon.studio\/wp-content\/uploads\/2024\/07\/IMG_7020.jpg?resize=200%2C150&ssl=1",200,150,true],"newspack-article-block-portrait-tiny":["https:\/\/i0.wp.com\/catonthemoon.studio\/wp-content\/uploads\/2024\/07\/IMG_7020.jpg?resize=150%2C200&ssl=1",150,200,true],"newspack-article-block-square-tiny":["https:\/\/i0.wp.com\/catonthemoon.studio\/wp-content\/uploads\/2024\/07\/IMG_7020.jpg?resize=200%2C200&ssl=1",200,200,true],"newspack-article-block-uncropped":["https:\/\/i0.wp.com\/catonthemoon.studio\/wp-content\/uploads\/2024\/07\/IMG_7020.jpg?fit=1200%2C1504&ssl=1",1200,1504,true],"woocommerce_thumbnail":["https:\/\/i0.wp.com\/catonthemoon.studio\/wp-content\/uploads\/2024\/07\/IMG_7020.jpg?resize=300%2C300&ssl=1",300,300,true],"woocommerce_single":["https:\/\/i0.wp.com\/catonthemoon.studio\/wp-content\/uploads\/2024\/07\/IMG_7020.jpg?fit=600%2C752&ssl=1",600,752,true],"woocommerce_gallery_thumbnail":["https:\/\/i0.wp.com\/catonthemoon.studio\/wp-content\/uploads\/2024\/07\/IMG_7020.jpg?resize=100%2C100&ssl=1",100,100,true]},"uagb_author_info":{"display_name":"Lenka Mauermannova","author_link":"https:\/\/catonthemoon.studio\/en\/author\/"},"uagb_comment_info":0,"uagb_excerpt":"Na tomto workshopu vytvo\u0159\u00ed\u0161 jedine\u010dnou p\u0159\u00edrodn\u00ed sv\u00ed\u010dku o objemu 350 ml z kokosov\u00e9ho vosku. Bude\u0161 pracovat s kokosovou miskou, kterou si po vyho\u0159en\u00ed sv\u00ed\u010dky m\u016f\u017ee\u0161 nechat a d\u00e1l vyu\u017e\u00edt, t\u0159eba jako sn\u00edda\u0148ovou misku. Vybere\u0161 si obl\u00edbenou v\u016fni, p\u0159\u00edrodn\u00ed zdoben\u00ed i barvy. To nejz\u00e1bavn\u011bj\u0161\u00ed? Vlastnoru\u010dn\u011b si vyrob\u00ed\u0161 i voskov\u00e9 dekorace \u2013 kv\u011bty, l\u00edstky nebo t\u0159eba medv\u00eddky\u2013&hellip;","jetpack_likes_enabled":true,"jetpack_sharing_enabled":true,"jetpack-related-posts":[],"_links":{"self":[{"href":"https:\/\/catonthemoon.studio\/en\/wp-json\/wp\/v2\/product\/390","targetHints":{"allow":["GET"]}}],"collection":[{"href":"https:\/\/catonthemoon.studio\/en\/wp-json\/wp\/v2\/product"}],"about":[{"href":"https:\/\/catonthemoon.studio\/en\/wp-json\/wp\/v2\/types\/product"}],"wp:featuredmedia":[{"embeddable":true,"href":"https:\/\/catonthemoon.studio\/en\/wp-json\/wp\/v2\/media\/2220"}],"wp:attachment":[{"href":"https:\/\/catonthemoon.studio\/en\/wp-json\/wp\/v2\/media?parent=390"}],"wp:term":[{"taxonomy":"product_brand","embeddable":true,"href":"https:\/\/catonthemoon.studio\/en\/wp-json\/wp\/v2\/product_brand?post=390"},{"taxonomy":"product_cat","embeddable":true,"href":"https:\/\/catonthemoon.studio\/en\/wp-json\/wp\/v2\/product_cat?post=390"},{"taxonomy":"product_tag","embeddable":true,"href":"https:\/\/catonthemoon.studio\/en\/wp-json\/wp\/v2\/product_tag?post=390"}],"curies":[{"name":"wp","href":"https:\/\/api.w.org\/{rel}","templated":true}]}}