{"id":590,"date":"2024-08-20T11:19:34","date_gmt":"2024-08-20T09:19:34","guid":{"rendered":"https:\/\/catonthemoon.studio\/?post_type=product&#038;p=590"},"modified":"2025-09-20T00:44:31","modified_gmt":"2025-09-19T22:44:31","slug":"poukaz-pro-par-vyroba-sojove-a-masazni-svicky","status":"publish","type":"product","link":"https:\/\/catonthemoon.studio\/en\/product\/poukaz-pro-par-vyroba-sojove-a-masazni-svicky\/","title":{"rendered":"Couple\u2019s voucher: Soy candles &amp; massage candle"},"content":{"rendered":"<p class=\"p4\"><b>The voucher is valid for 12 months from the date of purchase.<\/b><\/p>\n<p class=\"p4\">To redeem it, simply enter the voucher code in the note when booking your spot.<\/p>","protected":false},"excerpt":{"rendered":"<p>Making soy candles is a wonderfully relaxing experience! During this workshop, you\u2019ll be able to choose from different colored jars and decorations, and blend your own fragrance. The jar color and decorations are entirely up to your taste. In the end, you\u2019ll personalize and name your candles \u2013 creating something truly your own.<\/p>\n<p>You\u2019ll also make a massage candle from selected natural oils and butters \u2013 perfect for a relaxing massage to enjoy together<\/p>\n<p class=\"p1\">A perfect way to slow down and spend quality time together while creating something truly unique.<\/p>\n<p>&nbsp;<\/p>","protected":false},"featured_media":1730,"template":"","meta":{"_uag_custom_page_level_css":"","site-sidebar-layout":"left-sidebar","site-content-layout":"","ast-site-content-layout":"normal-width-container","site-content-style":"boxed","site-sidebar-style":"boxed","ast-global-header-display":"","ast-banner-title-visibility":"","ast-main-header-display":"","ast-hfb-above-header-display":"","ast-hfb-below-header-display":"","ast-hfb-mobile-header-display":"","site-post-title":"","ast-breadcrumbs-content":"","ast-featured-img":"","footer-sml-layout":"","theme-transparent-header-meta":"default","adv-header-id-meta":"","stick-header-meta":"","header-above-stick-meta":"","header-main-stick-meta":"","header-below-stick-meta":"","astra-migrate-meta-layouts":"set","ast-page-background-enabled":"default","ast-page-background-meta":{"desktop":{"background-color":"var(--ast-global-color-4)","background-image":"","background-repeat":"repeat","background-position":"center center","background-size":"auto","background-attachment":"scroll","background-type":"","background-media":"","overlay-type":"","overlay-color":"","overlay-opacity":"","overlay-gradient":""},"tablet":{"background-color":"","background-image":"","background-repeat":"repeat","background-position":"center center","background-size":"auto","background-attachment":"scroll","background-type":"","background-media":"","overlay-type":"","overlay-color":"","overlay-opacity":"","overlay-gradient":""},"mobile":{"background-color":"","background-image":"","background-repeat":"repeat","background-position":"center center","background-size":"auto","background-attachment":"scroll","background-type":"","background-media":"","overlay-type":"","overlay-color":"","overlay-opacity":"","overlay-gradient":""}},"ast-content-background-meta":{"desktop":{"background-color":"var(--ast-global-color-5)","background-image":"","background-repeat":"repeat","background-position":"center center","background-size":"auto","background-attachment":"scroll","background-type":"","background-media":"","overlay-type":"","overlay-color":"","overlay-opacity":"","overlay-gradient":""},"tablet":{"background-color":"var(--ast-global-color-5)","background-image":"","background-repeat":"repeat","background-position":"center center","background-size":"auto","background-attachment":"scroll","background-type":"","background-media":"","overlay-type":"","overlay-color":"","overlay-opacity":"","overlay-gradient":""},"mobile":{"background-color":"var(--ast-global-color-5)","background-image":"","background-repeat":"repeat","background-position":"center center","background-size":"auto","background-attachment":"scroll","background-type":"","background-media":"","overlay-type":"","overlay-color":"","overlay-opacity":"","overlay-gradient":""}},"advanced_seo_description":"","jetpack_seo_html_title":"","jetpack_seo_noindex":false,"_themeisle_gutenberg_block_has_review":false,"jetpack_publicize_message":"","jetpack_publicize_feature_enabled":true,"jetpack_social_post_already_shared":true,"jetpack_social_options":{"image_generator_settings":{"template":"highway","default_image_id":0,"font":"","enabled":false},"version":2},"_wpas_customize_per_network":false},"product_brand":[],"product_cat":[76611495],"product_tag":[],"class_list":{"0":"post-590","1":"product","2":"type-product","3":"status-publish","4":"has-post-thumbnail","6":"product_cat-poukazy","7":"desktop-align-left","8":"tablet-align-left","9":"mobile-align-left","11":"first","12":"instock","13":"virtual","14":"purchasable","15":"product-type-simple"},"jetpack_publicize_connections":[],"uagb_featured_image_src":{"full":["https:\/\/i0.wp.com\/catonthemoon.studio\/wp-content\/uploads\/2025\/06\/final_square_candle_visible.jpeg?fit=1024%2C1024&ssl=1",1024,1024,false],"thumbnail":["https:\/\/i0.wp.com\/catonthemoon.studio\/wp-content\/uploads\/2025\/06\/final_square_candle_visible.jpeg?resize=150%2C150&ssl=1",150,150,true],"medium":["https:\/\/i0.wp.com\/catonthemoon.studio\/wp-content\/uploads\/2025\/06\/final_square_candle_visible.jpeg?fit=300%2C300&ssl=1",300,300,true],"medium_large":["https:\/\/i0.wp.com\/catonthemoon.studio\/wp-content\/uploads\/2025\/06\/final_square_candle_visible.jpeg?fit=768%2C768&ssl=1",768,768,true],"large":["https:\/\/i0.wp.com\/catonthemoon.studio\/wp-content\/uploads\/2025\/06\/final_square_candle_visible.jpeg?fit=1024%2C1024&ssl=1",1024,1024,true],"1536x1536":["https:\/\/i0.wp.com\/catonthemoon.studio\/wp-content\/uploads\/2025\/06\/final_square_candle_visible.jpeg?fit=1024%2C1024&ssl=1",1024,1024,true],"2048x2048":["https:\/\/i0.wp.com\/catonthemoon.studio\/wp-content\/uploads\/2025\/06\/final_square_candle_visible.jpeg?fit=1024%2C1024&ssl=1",1024,1024,true],"trp-custom-language-flag":["https:\/\/i0.wp.com\/catonthemoon.studio\/wp-content\/uploads\/2025\/06\/final_square_candle_visible.jpeg?fit=12%2C12&ssl=1",12,12,true],"newspack-article-block-landscape-large":["https:\/\/i0.wp.com\/catonthemoon.studio\/wp-content\/uploads\/2025\/06\/final_square_candle_visible.jpeg?resize=1024%2C900&ssl=1",1024,900,true],"newspack-article-block-portrait-large":["https:\/\/i0.wp.com\/catonthemoon.studio\/wp-content\/uploads\/2025\/06\/final_square_candle_visible.jpeg?resize=900%2C1024&ssl=1",900,1024,true],"newspack-article-block-square-large":["https:\/\/i0.wp.com\/catonthemoon.studio\/wp-content\/uploads\/2025\/06\/final_square_candle_visible.jpeg?resize=1024%2C1024&ssl=1",1024,1024,true],"newspack-article-block-landscape-medium":["https:\/\/i0.wp.com\/catonthemoon.studio\/wp-content\/uploads\/2025\/06\/final_square_candle_visible.jpeg?resize=800%2C600&ssl=1",800,600,true],"newspack-article-block-portrait-medium":["https:\/\/i0.wp.com\/catonthemoon.studio\/wp-content\/uploads\/2025\/06\/final_square_candle_visible.jpeg?resize=600%2C800&ssl=1",600,800,true],"newspack-article-block-square-medium":["https:\/\/i0.wp.com\/catonthemoon.studio\/wp-content\/uploads\/2025\/06\/final_square_candle_visible.jpeg?resize=800%2C800&ssl=1",800,800,true],"newspack-article-block-landscape-intermediate":["https:\/\/i0.wp.com\/catonthemoon.studio\/wp-content\/uploads\/2025\/06\/final_square_candle_visible.jpeg?resize=600%2C450&ssl=1",600,450,true],"newspack-article-block-portrait-intermediate":["https:\/\/i0.wp.com\/catonthemoon.studio\/wp-content\/uploads\/2025\/06\/final_square_candle_visible.jpeg?resize=450%2C600&ssl=1",450,600,true],"newspack-article-block-square-intermediate":["https:\/\/i0.wp.com\/catonthemoon.studio\/wp-content\/uploads\/2025\/06\/final_square_candle_visible.jpeg?resize=600%2C600&ssl=1",600,600,true],"newspack-article-block-landscape-small":["https:\/\/i0.wp.com\/catonthemoon.studio\/wp-content\/uploads\/2025\/06\/final_square_candle_visible.jpeg?resize=400%2C300&ssl=1",400,300,true],"newspack-article-block-portrait-small":["https:\/\/i0.wp.com\/catonthemoon.studio\/wp-content\/uploads\/2025\/06\/final_square_candle_visible.jpeg?resize=300%2C400&ssl=1",300,400,true],"newspack-article-block-square-small":["https:\/\/i0.wp.com\/catonthemoon.studio\/wp-content\/uploads\/2025\/06\/final_square_candle_visible.jpeg?resize=400%2C400&ssl=1",400,400,true],"newspack-article-block-landscape-tiny":["https:\/\/i0.wp.com\/catonthemoon.studio\/wp-content\/uploads\/2025\/06\/final_square_candle_visible.jpeg?resize=200%2C150&ssl=1",200,150,true],"newspack-article-block-portrait-tiny":["https:\/\/i0.wp.com\/catonthemoon.studio\/wp-content\/uploads\/2025\/06\/final_square_candle_visible.jpeg?resize=150%2C200&ssl=1",150,200,true],"newspack-article-block-square-tiny":["https:\/\/i0.wp.com\/catonthemoon.studio\/wp-content\/uploads\/2025\/06\/final_square_candle_visible.jpeg?resize=200%2C200&ssl=1",200,200,true],"newspack-article-block-uncropped":["https:\/\/i0.wp.com\/catonthemoon.studio\/wp-content\/uploads\/2025\/06\/final_square_candle_visible.jpeg?fit=1024%2C1024&ssl=1",1024,1024,true],"woocommerce_thumbnail":["https:\/\/i0.wp.com\/catonthemoon.studio\/wp-content\/uploads\/2025\/06\/final_square_candle_visible.jpeg?resize=300%2C300&ssl=1",300,300,true],"woocommerce_single":["https:\/\/i0.wp.com\/catonthemoon.studio\/wp-content\/uploads\/2025\/06\/final_square_candle_visible.jpeg?fit=600%2C600&ssl=1",600,600,true],"woocommerce_gallery_thumbnail":["https:\/\/i0.wp.com\/catonthemoon.studio\/wp-content\/uploads\/2025\/06\/final_square_candle_visible.jpeg?resize=100%2C100&ssl=1",100,100,true]},"uagb_author_info":{"display_name":"Lenka Mauermannova","author_link":"https:\/\/catonthemoon.studio\/en\/author\/"},"uagb_comment_info":0,"uagb_excerpt":"Tvo\u0159en\u00ed s\u00f3jov\u00fdch sv\u00ed\u010dek je \u00fa\u017easn\u011b relaxa\u010dn\u00ed z\u00e1\u017eitek! B\u011bhem tohoto workshopu budete m\u00edt mo\u017enost vybrat si z r\u016fzn\u00fdch barevn\u00fdch sklenic a dekorac\u00ed a nam\u00edchat si svou vlastn\u00ed v\u016fni. Barvu sklenice a dekorace si zvol\u00edte p\u0159esn\u011b podle sv\u00e9ho vkusu. Na z\u00e1v\u011br si sv\u00e9 sv\u00ed\u010dky personalizujete a pojmenujete. Nav\u00edc si vyrob\u00edte mas\u00e1\u017en\u00ed sv\u00ed\u010dku z vybran\u00fdch p\u0159\u00edrodn\u00edch olej\u016f a&hellip;","jetpack_likes_enabled":true,"jetpack_sharing_enabled":true,"jetpack-related-posts":[],"_links":{"self":[{"href":"https:\/\/catonthemoon.studio\/en\/wp-json\/wp\/v2\/product\/590","targetHints":{"allow":["GET"]}}],"collection":[{"href":"https:\/\/catonthemoon.studio\/en\/wp-json\/wp\/v2\/product"}],"about":[{"href":"https:\/\/catonthemoon.studio\/en\/wp-json\/wp\/v2\/types\/product"}],"wp:featuredmedia":[{"embeddable":true,"href":"https:\/\/catonthemoon.studio\/en\/wp-json\/wp\/v2\/media\/1730"}],"wp:attachment":[{"href":"https:\/\/catonthemoon.studio\/en\/wp-json\/wp\/v2\/media?parent=590"}],"wp:term":[{"taxonomy":"product_brand","embeddable":true,"href":"https:\/\/catonthemoon.studio\/en\/wp-json\/wp\/v2\/product_brand?post=590"},{"taxonomy":"product_cat","embeddable":true,"href":"https:\/\/catonthemoon.studio\/en\/wp-json\/wp\/v2\/product_cat?post=590"},{"taxonomy":"product_tag","embeddable":true,"href":"https:\/\/catonthemoon.studio\/en\/wp-json\/wp\/v2\/product_tag?post=590"}],"curies":[{"name":"wp","href":"https:\/\/api.w.org\/{rel}","templated":true}]}}